{"id":12801,"date":"2020-01-07T19:48:10","date_gmt":"2020-01-07T18:48:10","guid":{"rendered":"https:\/\/www.moelan-a-vent.fr\/?page_id=12801"},"modified":"2024-02-24T09:02:37","modified_gmt":"2024-02-24T08:02:37","slug":"janvier-decembre-2020","status":"publish","type":"page","link":"https:\/\/www.moelan-a-vent.fr\/?page_id=12801","title":{"rendered":"Janvier-d\u00e9cembre 2020"},"content":{"rendered":"<p><span style=\"color: #33cccc;\"><strong>Dimanche 27 septembre<\/strong><\/span> : animation sur le parcours familial des Virades de l&rsquo;espoir,&nbsp; <span style=\"color: #ff6600;\">Moelan-sur-mer<\/span><br \/>\n<span style=\"color: #ff6600;\"><span style=\"color: #33cccc;\"><strong>Mardi 4, mardi 18 ao\u00fbt<\/strong><\/span>: <\/span>animation sur le march\u00e9 de<span style=\"color: #ff6600;\"> Mo\u00eblan-sur-mer<br \/>\n<\/span><span style=\"color: #33cccc;\"><strong><span style=\"color: #ff0000;\">ANNULATION<\/span> Mercredi 5 ao\u00fbt<\/strong><\/span><span style=\"font-size: inherit;\"> : fest-noz sur le quai du port de <\/span><span style=\"color: #ff6600;\">Brigneau<\/span><span style=\"font-size: inherit;\">, dans le cadre de \u00ab\u00a0Brigneau digue en f\u00eate\u00a0\u00bb<br \/>\n<\/span><span style=\"color: #33cccc;\"><strong>Vendredi 24 juillet<\/strong><\/span> : concert \u00ab\u00a0chants de marins\u00a0\u00bb \u00e0 l&rsquo;accueil de jour de <span style=\"color: #ff6600;\">Mo\u00eblan-sur-mer<br \/>\n<\/span><span style=\"color: #ff6600;\"><span style=\"color: #33cccc;\"><strong>Mercredi 15 juillet<\/strong><\/span> : <\/span>animation musicale \u00e0 la maison de retraite de<span style=\"color: #ff6600;\"> Pont-Aven<br \/>\n<\/span><span style=\"color: #ff6600;\"><span style=\"color: #33cccc;\"><strong>Mardi 14, mardi 21, mardi 28 juillet<\/strong><\/span> : <\/span>animation sur le march\u00e9 de<span style=\"color: #ff6600;\"> Mo\u00eblan-sur-mer<br \/>\n<\/span><span style=\"color: #ff6600;\"><span style=\"color: #33cccc;\"><strong>Mardi 7 juillet<\/strong><\/span> : <\/span>animation musicale sur le march\u00e9 de<span style=\"color: #ff6600;\"> Mo\u00eblan-sur-mer<br \/>\n<span style=\"color: #33cccc;\"><strong>Jeudi 2 juillet<\/strong><\/span> : <\/span>animation musicale \u00e0 la maison de retraite de<span style=\"color: #ff6600;\"> Moelan-sur-mer<br \/>\n<span style=\"color: #33cccc;\"><strong>Mardi 30 juin<\/strong><\/span> : <\/span>animation musicale sur le march\u00e9 de<span style=\"color: #ff6600;\"> Mo\u00eblan-sur-mer<\/span><span style=\"color: #ff6600;\">&nbsp;<br \/>\n<\/span><span style=\"color: #ff6600;\"><span style=\"color: #33cccc;\"><strong>Jeudi 25 juin<\/strong><\/span> : <\/span>animation \u00e0 la maison de retraite de Bois-Joly<span style=\"color: #ff6600;\">, Quimperl\u00e9<br \/>\n<\/span><span style=\"color: #33cccc;\"><strong><span style=\"color: #ff0000;\">ANNULATION<\/span> Samedi 20 juin<\/strong><\/span> : fest-noz sur le quai du port de <span style=\"color: #ff6600;\">Brigneau<\/span>, dans le cadre de la f\u00eate de la musique<br \/>\n<span style=\"color: #33cccc;\"><strong><span style=\"color: #ff0000;\">ANNULATION<\/span> Jeudi 18 juin<\/strong><\/span> : f\u00eate de la musique \u00e0 l&rsquo;EHPAD \u00ab\u00a0Bois-Joly\u00a0\u00bb \u00e0 <span style=\"color: #ff6600;\">Quimperl\u00e9<br \/>\n<\/span><span style=\"color: #ff6600;\"><span style=\"color: #33cccc;\"><strong><span style=\"color: #ff0000;\">ANNULATION<\/span> Dimanche 14 juin<\/strong> <\/span>: festival \u00ab\u00a0R\u00eaves d&rsquo;oc\u00e9ans\u00a0\u00bb \u00e0 Do\u00eblan.<br \/>\n<\/span><span style=\"color: #33cccc;\"><strong><span style=\"color: #ff0000;\">ANNULATION<\/span> Samedi 4 avril<\/strong> <\/span>: Rencontre diatonique \u00e0 <span style=\"color: #ff6600;\">Qu\u00e9ven,<\/span> \u00e0 l&rsquo;invitation de \u00ab\u00a0Courants d&rsquo;airs\u00a0\u00bb<br \/>\n<span style=\"color: #33cccc;\"><strong><span style=\"color: #ff0000;\">REPORT A UNE DATE ULTERIEURE<\/span><span style=\"color: #33cccc;\"> Vendredi 13 mars<\/span><\/strong><\/span> : animation \u00e0 la maison de retraite de <span style=\"color: #ff6600;\">Querrien<\/span><br \/>\n<span style=\"color: #33cccc;\"><strong>Vendredi 14 f\u00e9vrier<\/strong><\/span> : animation par le groupe trad&rsquo; de la soir\u00e9e danses-loisir \u00e0 <span style=\"color: #ff6600;\">N\u00e9vez<\/span><br \/>\n<span style=\"color: #33cccc;\"><strong><span style=\"color: #ff0000;\">REPORT A UNE DATE ULTERIEURE<\/span> Mercredi 5 f\u00e9vrier<\/strong> <\/span>: animation \u00e0 la maison de retraite de <span style=\"color: #ff6600;\">Guidel<br \/>\n<\/span><span style=\"color: #33cccc;\"><strong>Lun<\/strong><strong>di 3 f\u00e9vrier<\/strong><\/span> : animation par le groupe trad&rsquo; de la soir\u00e9e danses-loisir \u00e0 <span style=\"color: #ff6600;\">Baye<\/span><br \/>\n<span style=\"color: #33cccc;\"><strong>Dimanche 2 f\u00e9vrier :<\/strong><\/span> \u00ab\u00a0Diato cr\u00eapes\u00a0\u00bb, rencontre diatonique \u00e0 <span style=\"color: #ff6600;\">Quimperl\u00e9<\/span> \u00e0 l\u2019invitation de \u00ab Bol d\u2019air \u00bb.<br \/>\n<span style=\"color: #33cccc;\"><strong>Mardi 21 janvier<\/strong> <\/span>: animation \u00e0 la maison de retraite d&rsquo;<span style=\"color: #ff6600;\">Arzano<\/span><\/p>\n","protected":false},"excerpt":{"rendered":"<p>Dimanche 27 septembre : animation sur le parcours familial des Virades de l&rsquo;espoir,&nbsp; Moelan-sur-mer Mardi 4, mardi 18 ao\u00fbt: animation sur le march\u00e9 de Mo\u00eblan-sur-mer ANNULATION Mercredi 5 ao\u00fbt : fest-noz sur le quai du port de Brigneau, dans le &hellip; <a href=\"https:\/\/www.moelan-a-vent.fr\/?page_id=12801\">Continuer la lecture <span class=\"meta-nav\">&rarr;<\/span><\/a><\/p>\n","protected":false},"author":9,"featured_media":12802,"parent":23,"menu_order":12,"comment_status":"closed","ping_status":"closed","template":"","meta":{"ngg_post_thumbnail":0,"footnotes":""},"class_list":["post-12801","page","type-page","status-publish","has-post-thumbnail","hentry"],"_links":{"self":[{"href":"https:\/\/www.moelan-a-vent.fr\/index.php?rest_route=\/wp\/v2\/pages\/12801","targetHints":{"allow":["GET"]}}],"collection":[{"href":"https:\/\/www.moelan-a-vent.fr\/index.php?rest_route=\/wp\/v2\/pages"}],"about":[{"href":"https:\/\/www.moelan-a-vent.fr\/index.php?rest_route=\/wp\/v2\/types\/page"}],"author":[{"embeddable":true,"href":"https:\/\/www.moelan-a-vent.fr\/index.php?rest_route=\/wp\/v2\/users\/9"}],"replies":[{"embeddable":true,"href":"https:\/\/www.moelan-a-vent.fr\/index.php?rest_route=%2Fwp%2Fv2%2Fcomments&post=12801"}],"version-history":[{"count":33,"href":"https:\/\/www.moelan-a-vent.fr\/index.php?rest_route=\/wp\/v2\/pages\/12801\/revisions"}],"predecessor-version":[{"id":13341,"href":"https:\/\/www.moelan-a-vent.fr\/index.php?rest_route=\/wp\/v2\/pages\/12801\/revisions\/13341"}],"up":[{"embeddable":true,"href":"https:\/\/www.moelan-a-vent.fr\/index.php?rest_route=\/wp\/v2\/pages\/23"}],"wp:featuredmedia":[{"embeddable":true,"href":"https:\/\/www.moelan-a-vent.fr\/index.php?rest_route=\/wp\/v2\/media\/12802"}],"wp:attachment":[{"href":"https:\/\/www.moelan-a-vent.fr\/index.php?rest_route=%2Fwp%2Fv2%2Fmedia&parent=12801"}],"curies":[{"name":"wp","href":"https:\/\/api.w.org\/{rel}","templated":true}]}}