{"id":13693,"date":"2021-03-18T12:05:44","date_gmt":"2021-03-18T11:05:44","guid":{"rendered":"https:\/\/www.moelan-a-vent.fr\/?page_id=13693"},"modified":"2024-02-24T09:02:55","modified_gmt":"2024-02-24T08:02:55","slug":"janvier-decembre-2021","status":"publish","type":"page","link":"https:\/\/www.moelan-a-vent.fr\/?page_id=13693","title":{"rendered":"Janvier-d\u00e9cembre 2021"},"content":{"rendered":"<div><span style=\"color: #33cccc;\"><strong>Jeudi 23 d\u00e9cembre<\/strong><\/span> :&nbsp; <span style=\"color: #ff00ff;\"><strong>annul\u00e9<\/strong><\/span> animation \u00e0 la r\u00e9sidence \u00ab\u00a0Les brisants\u00a0\u00bb \u00e0 <span style=\"color: #ff6600;\">Concarneau<\/span><\/div>\n<div><span style=\"color: #33cccc;\"><strong>Lundi 20 d\u00e9cembre<\/strong><\/span> : animation \u00e0 la maison de retraite de <span style=\"color: #ff6600;\">Mo\u00eblan-sur-Mer<\/span><\/div>\n<div><span style=\"color: #33cccc;\"><strong>Jeudi 16 d\u00e9cembre<\/strong><\/span> : animation par le groupe trad\u2019 de l&rsquo; atelier de Lagadenn \u00e0 <span style=\"color: #ff9900;\">Mo\u00eblan<\/span><\/div>\n<div><span style=\"color: #33cccc;\"><strong>Mardi 14 d\u00e9cembre<\/strong>&nbsp;<\/span>:&nbsp;animation par le groupe trad\u2019 de la soir\u00e9e danses-loisirs \u00e0&nbsp;<span style=\"color: #ff6600;\">Guidel<\/span><\/div>\n<div><span style=\"color: #33cccc;\"><strong>Mardi 14 d\u00e9cembre<\/strong><\/span> : animation \u00e0 la r\u00e9sidence \u201cKer\u00e9lys\u201d \u00e0&nbsp;<span style=\"color: #ff6600;\">Guidel<\/span><\/div>\n<div><span style=\"color: #ff00ff;\"><strong>Vendredi 3 d\u00e9cembre report\u00e9 d\u00e9but 2022<\/strong> <\/span>: Groupe trad&rsquo; : fest-noz du T\u00e9l\u00e9thon de <span style=\"color: #ff6600;\">Mo\u00eblan-sur-Mer<\/span><\/div>\n<div><span style=\"color: #33cccc;\"><strong>Mardi 16 novembre 2021<\/strong><\/span> : maison de retraite de <span style=\"color: #ff6600;\">Sca\u00ebr<\/span><\/div>\n<div><span style=\"color: #33cccc;\"><strong>Mardi 12 octobre<\/strong><\/span> : animation \u00e0 la maison de retraite de <span style=\"color: #ff6600;\">Mo\u00eblan-sur-Mer<\/span><\/div>\n<div><span style=\"color: #33cccc;\"><strong>Vendredi 8 octobre<\/strong><\/span> : animation \u00e0 la MAPA de <span style=\"color: #ff6600;\">Guidel<\/span><\/div>\n<div><span style=\"color: #33cccc;\"><strong>Dimanche 26 septembre<\/strong><\/span> : animation des Virades de l&rsquo;espoir, \u00e0 <span style=\"color: #ff6600;\">Mo\u00eblan-sur-Mer<\/span><\/div>\n<div><span style=\"color: #33cccc;\"><strong>Samedi 18 septembre 2021<\/strong><\/span> : Groupe trad&rsquo; , 14h-19h : animation \u00e0 <span style=\"color: #ff6600;\">Mo\u00eblan-sur-Mer<\/span> dans le cadre des journ\u00e9es du patrimoine<\/div>\n<div><span style=\"color: #33cccc;\"><strong>Mardi 31 ao\u00fbt<\/strong><\/span> : animation sur le march\u00e9 de <span style=\"color: #ff6600;\">Mo\u00eblan-sur-Mer<\/span><\/div>\n<div><span style=\"color: #33cccc;\"><strong>Jeudi 26 ao\u00fbt<\/strong><\/span> : animation de la c\u00e9r\u00e9monie de remise de ch\u00e8que de l&rsquo;APUB \u00e0 la SNSM, cale de Beg-Porz, <span style=\"color: #ff6600;\">Mo\u00eblan-sur-Mer<\/span><\/div>\n<div><span style=\"color: #33cccc;\"><strong>Mardi 24 ao\u00fbt<\/strong><\/span> : animation sur le march\u00e9 de <span style=\"color: #ff6600;\">Mo\u00eblan-sur-Mer<\/span><\/div>\n<div><span style=\"color: #33cccc;\"><strong>Mardi 17 ao\u00fbt<\/strong><\/span> : animation sur le march\u00e9 de <span style=\"color: #ff6600;\">Mo\u00eblan-sur-Mer<\/span><\/div>\n<div><span style=\"color: #33cccc;\"><strong>Lundi 16 ao\u00fbt<\/strong><\/span> : animation \u00e0 \u00a0\u00bb Ti ma bro \u00a0\u00bb \u00e0 <span style=\"color: #ff6600;\">Querrien&nbsp;<\/span><\/div>\n<div><span style=\"color: #33cccc;\"><strong>Mardi 10 ao\u00fbt<\/strong><\/span> : animation sur le march\u00e9 de <span style=\"color: #ff6600;\">Mo\u00eblan-sur-Mer<\/span><\/div>\n<div><a href=\"https:\/\/www.letelegramme.fr\/finistere\/moelan-sur-mer\/comme-un-air-de-vacances-sur-le-marche-du-bourg-a-moelan-10-08-2021-12805377.php\" target=\"_blank\" rel=\"noopener\">article \u00ab\u00a0Le T\u00e9l\u00e9gramme\u00a0\u00bb<\/a><\/div>\n<div><span style=\"color: #33cccc;\"><strong>Jeudi 5 ao\u00fbt 2021 :<\/strong> <\/span>apr\u00e8s-midi : animations sur le quai du port de <span style=\"color: #ff6600;\">Brigneau<\/span>, dans le cadre de&nbsp; \u00ab\u00a0Brigneau digue en f\u00eate\u00a0\u00bb<\/div>\n<div><span style=\"color: #33cccc;\"><strong>Mardi 3 ao\u00fbt 2021<\/strong><\/span>: animation sur le march\u00e9 de <span style=\"color: #ff6600;\">Mo\u00eblan-sur-Mer<\/span><\/div>\n<div><span style=\"color: #33cccc;\"><strong>Mardi 20 juillet 2021<\/strong> <\/span>: animation sur le march\u00e9 de <span style=\"color: #ff6600;\">Mo\u00eblan-sur-Mer<\/span><\/div>\n<div><span style=\"color: #33cccc;\"><strong>Mardi 13 juillet 2021<\/strong><\/span> : animation sur le march\u00e9 de <span style=\"color: #ff6600;\">Mo\u00eblan-sur-Mer<\/span><\/div>\n<div><span style=\"color: #00ccff;\"><strong>Samedi 12 juin 2021<\/strong><\/span> : animation lors du vernissage de l&rsquo;exposition de l&rsquo;association \u00ab\u00a0BD-photos <span style=\"color: #ff6600;\">Mo\u00eblan<\/span>\u00ab\u00a0<\/div>\n<div>\n<div class=\"block-editor-block-list__layout is-root-container\">\n<div id=\"block-64615569-c593-4569-88af-855568f05108\" class=\"block-editor-block-list__block wp-block wp-block\" tabindex=\"0\" role=\"group\" aria-label=\"Bloc&nbsp;: Classique\" data-block=\"64615569-c593-4569-88af-855568f05108\" data-type=\"core\/freeform\" data-title=\"Classique\">\n<div id=\"editor-64615569-c593-4569-88af-855568f05108\" class=\"wp-block-freeform block-library-rich-text__tinymce mce-content-body html5-captions mce-edit-focus\" contenteditable=\"true\">&nbsp;<\/div>\n<\/div>\n<div class=\"block-list-appender\" tabindex=\"-1\">\n<div class=\"wp-block block-editor-default-block-appender\" data-root-client-id=\"\">&nbsp;<\/div>\n<\/div>\n<\/div>\n<\/div>\n<!-- \/wp:post-content -->","protected":false},"excerpt":{"rendered":"<p>Jeudi 23 d\u00e9cembre :&nbsp; annul\u00e9 animation \u00e0 la r\u00e9sidence \u00ab\u00a0Les brisants\u00a0\u00bb \u00e0 Concarneau Lundi 20 d\u00e9cembre : animation \u00e0 la maison de retraite de Mo\u00eblan-sur-Mer Jeudi 16 d\u00e9cembre : animation par le groupe trad\u2019 de l&rsquo; atelier de Lagadenn \u00e0 &hellip; <a href=\"https:\/\/www.moelan-a-vent.fr\/?page_id=13693\">Continuer la lecture <span class=\"meta-nav\">&rarr;<\/span><\/a><\/p>\n","protected":false},"author":9,"featured_media":13696,"parent":23,"menu_order":11,"comment_status":"closed","ping_status":"closed","template":"","meta":{"ngg_post_thumbnail":0,"footnotes":""},"class_list":["post-13693","page","type-page","status-publish","has-post-thumbnail","hentry"],"_links":{"self":[{"href":"https:\/\/www.moelan-a-vent.fr\/index.php?rest_route=\/wp\/v2\/pages\/13693","targetHints":{"allow":["GET"]}}],"collection":[{"href":"https:\/\/www.moelan-a-vent.fr\/index.php?rest_route=\/wp\/v2\/pages"}],"about":[{"href":"https:\/\/www.moelan-a-vent.fr\/index.php?rest_route=\/wp\/v2\/types\/page"}],"author":[{"embeddable":true,"href":"https:\/\/www.moelan-a-vent.fr\/index.php?rest_route=\/wp\/v2\/users\/9"}],"replies":[{"embeddable":true,"href":"https:\/\/www.moelan-a-vent.fr\/index.php?rest_route=%2Fwp%2Fv2%2Fcomments&post=13693"}],"version-history":[{"count":49,"href":"https:\/\/www.moelan-a-vent.fr\/index.php?rest_route=\/wp\/v2\/pages\/13693\/revisions"}],"predecessor-version":[{"id":14189,"href":"https:\/\/www.moelan-a-vent.fr\/index.php?rest_route=\/wp\/v2\/pages\/13693\/revisions\/14189"}],"up":[{"embeddable":true,"href":"https:\/\/www.moelan-a-vent.fr\/index.php?rest_route=\/wp\/v2\/pages\/23"}],"wp:featuredmedia":[{"embeddable":true,"href":"https:\/\/www.moelan-a-vent.fr\/index.php?rest_route=\/wp\/v2\/media\/13696"}],"wp:attachment":[{"href":"https:\/\/www.moelan-a-vent.fr\/index.php?rest_route=%2Fwp%2Fv2%2Fmedia&parent=13693"}],"curies":[{"name":"wp","href":"https:\/\/api.w.org\/{rel}","templated":true}]}}