{"id":14229,"date":"2022-01-04T18:22:51","date_gmt":"2022-01-04T17:22:51","guid":{"rendered":"https:\/\/www.moelan-a-vent.fr\/?page_id=14229"},"modified":"2025-12-12T15:50:39","modified_gmt":"2025-12-12T14:50:39","slug":"janvier-decembre-2022","status":"publish","type":"page","link":"https:\/\/www.moelan-a-vent.fr\/?page_id=14229","title":{"rendered":"Janvier-d\u00e9cembre 2022"},"content":{"rendered":"\n<p><strong><span style=\"color: #00ccff;\"><span style=\"text-decoration: underline;\">lundi 12 d\u00e9cembre :<\/span>Mini fest noz -rencontre ateliers (voir photos galerie 2022)<\/span><\/strong><\/p>\n<p>En d\u00e9cembre 2022 le groupe trad anime l&rsquo;atelier loisirs de Guidel et de Riec.<\/p>\n<ul>\n<li><span style=\"color: #00ccff;\"><strong>16 d\u00e9cembre 2022<\/strong><\/span>:animation ehpad Guidel<\/li>\n<li><span style=\"color: #00ccff;\"><strong>8 d\u00e9cembre 2022<\/strong><\/span>:animation ehpad mo\u00eblan<\/li>\n<li><span style=\"color: #00ccff;\"><strong>2 d\u00e9cembre 2022<\/strong><\/span>: T\u00e9lethon \u00e0 Mo\u00eblan<\/li>\n<\/ul>\n<div>&nbsp;<\/div>\n<ul>\n<li><strong><span style=\"color: #00ccff;\">26 novembre 2022<\/span><\/strong>: Animation ehpad de Sca\u00ebr<\/li>\n<\/ul>\n<div><span style=\"text-decoration: underline;\"><strong><span style=\"color: #00ccff; text-decoration: underline;\">Jeu de groupe du jeudi 24 novembre<\/span><\/strong><\/span>: <a href=\"https:\/\/www.moelan-a-vent.fr\/wp-content\/uploads\/2022\/11\/tite-fleur-fanee.mp4\">moment de choeur sur petite fleur fan\u00e9e: <\/a>&nbsp; &nbsp; &nbsp; &nbsp; &nbsp; &nbsp; &nbsp; &nbsp; &nbsp; &nbsp; &nbsp; &nbsp; &nbsp; &nbsp; &nbsp; &nbsp; &nbsp; &nbsp; &nbsp; &nbsp; &nbsp; &nbsp; &nbsp; &nbsp; &nbsp; &nbsp; &nbsp; &nbsp; &nbsp; &nbsp; &nbsp; &nbsp; &nbsp; &nbsp; &nbsp; &nbsp; &nbsp; &nbsp; &nbsp;<a href=\"https:\/\/www.moelan-a-vent.fr\/wp-content\/uploads\/2022\/11\/gavotte-des-notables.mp4\">Gavotte des notables<\/a>&nbsp;<\/div>\n<ul>\n<li><strong><span style=\"color: #33cccc;\"><span style=\"color: #00ccff;\">16 novembre 2022<\/span>:<\/span><\/strong> Ehpad boijoli<\/li>\n<li><span style=\"color: #00ccff;\"><strong>24 octobre 2022<\/strong><\/span>:ehpad Guidel (Kerylis)<\/li>\n<li><span style=\"color: #00ccff;\"><strong>10 octobre 2022 <\/strong><\/span>EHPAD Mo\u00e9lan<\/li>\n<li><span style=\"color: #00ccff;\"><strong>7 octobre 2022<\/strong> <\/span>m\u00e9diath\u00e8que de Guidel,semaine bleue<\/li>\n<li><strong><span style=\"color: #33cccc;\"><span style=\"color: #00ccff;\">3 octobre 2022<\/span>:<\/span><\/strong>Boijoli unit\u00e9 des Indes<\/li>\n<li><span style=\"color: #00ccff;\"><strong>21 septembre 2022<\/strong><\/span>: Sortie Ouessant, deux nuits et animation \u00e0 la MAPA de Ouessant.<\/li>\n<\/ul>\n<div>&nbsp;<\/div>\n<div><span style=\"text-decoration: underline;\"><span style=\"color: #00ccff; text-decoration: underline;\"><strong>8 septembre 2022<\/strong><\/span>:<\/span> rentr\u00e9e des diatonistes.<\/div>\n<div>&nbsp;<\/div>\n<div><hr><hr><\/div>\n<div><strong><span style=\"color: #33cccc;\">Mercredi 10 ao\u00fbt <\/span><\/strong>:&nbsp;Les 100 ans du Rigolo&nbsp;Port de <span style=\"color: #ff6600;\">Do\u00eblan<\/span><\/div>\n<div>\n<div><span style=\"color: #33cccc;\"><strong>Mercredi 27 juillet <\/strong><\/span>: Brigneau Digue en F\u00eate&nbsp;Port de <span style=\"color: #ff6600;\">Brigneau&nbsp;<\/span><\/div>\n<div>D\u00e9ambulation d&rsquo;accord\u00e9onistes dans l&rsquo;apr\u00e8s-midi<\/div>\n<div>Fest-noz le soir avec <em>Mo\u00eblan-\u00e0-vent<\/em> et autres invit\u00e9s<\/div>\n<\/div>\n<div><span style=\"color: #33cccc;\"><strong>Vendredi 22 juillet<\/strong> <\/span>: animation \u00e0 l&rsquo;accueil de jour, <span style=\"color: #ff6600;\">Mo\u00eblan-sur-Mer<\/span><\/div>\n<div><span style=\"color: #33cccc;\"><strong>Mardi 28 juin<\/strong><\/span> : animation \u00e0 l&rsquo;accueil de jour de Mo\u00eblan, \u00e0 <span style=\"color: #ff6600;\">Do\u00eblan<\/span><\/div>\n<div>\n<div><span style=\"color: #33cccc;\"><strong>Samedi 25 et dimanche 26 juin <\/strong><\/span>:&nbsp;R\u00eaves d&rsquo;Oc\u00e9an \u2013 Festival du livre de jeunesse&nbsp;Port de <span style=\"color: #ff6600;\">Do\u00e9lan<\/span><\/div>\n<div>D\u00e9ambulation d&rsquo;accord\u00e9onistes<\/div>\n<div><span style=\"color: #33cccc;\"><strong>Mercredi 22 juin<\/strong> <\/span>: animation \u00e0 l&rsquo;accueil de jour, <span style=\"color: #ff6600;\">Mo\u00eblan-sur-Mer<\/span><\/div>\n<\/div>\n<div>\n<div><span style=\"color: #33cccc;\"><strong>Mardi 21 juin<\/strong><\/span> : f\u00eate de la musique, animation \u00e0 la maison de retraite de <span style=\"color: #ff6600;\">Quimperl\u00e9 (Bois-Joli)<\/span><\/div>\n<\/div>\n<div><span style=\"color: #00ccff;\"><strong>Lundi 20 juin<\/strong><\/span> : animation \u00e0 la maison de retraite de<span style=\"color: #ff6600;\"> Mo\u00eblan-sur-mer<\/span><\/div>\n<div><span style=\"color: #33cccc;\"><strong>Mercredi 15 juin : <\/strong><\/span>animation \u00e0 la maison de retraite de <span style=\"color: #33cccc;\"><span style=\"color: #ff9900;\"><span style=\"color: #ff6600;\">Quimperl\u00e9 (Bois-Joli<\/span>)<\/span><\/span><\/div>\n<div><span style=\"color: #33cccc;\"><strong>Mardi 24 mai<\/strong><\/span> : animation \u00e0 la MAPA de <span style=\"color: #ff6600;\">Guidel<\/span><\/div>\n<div><span style=\"color: #33cccc;\"><strong>Lundi 23 mai<\/strong><\/span> : animation \u00e0 la maison de retraite de<span style=\"color: #ff6600;\"> Mo\u00eblan-sur-mer<\/span><\/div>\n<div><span style=\"color: #33cccc;\"><strong>Mardi 10 mai<\/strong><\/span> : animation \u00e0 la maison de retraite de <span style=\"color: #ff6600;\">Quimperl\u00e9 (Bois-Joli)<\/span><\/div>\n<div><strong><span style=\"color: #33cccc;\">Vendredi 29 avril<\/span><\/strong> : Fest-noz de <em>Mo\u00eblan-\u00e0-vent<\/em>, avec <em>Kastelodenn, Chenc&rsquo;h Tu et Kaouned<\/em>, \u00e0 l&rsquo;Ellipse, <span style=\"color: #ff6600;\">Mo\u00eblan-sur-mer<\/span><\/div>\n<div><span style=\"color: #33cccc;\"><strong>Lundi 25 avril<\/strong> <\/span>: animation \u00e0 la maison de retraite de<span style=\"color: #ff6600;\"> Mo\u00eblan-sur-mer<\/span><\/div>\n<div><strong><span style=\"color: #33cccc;\">Mercredi 23 mars<\/span><\/strong> : animation \u00e0 la maison de retraite de <span style=\"color: #ff6600;\">Quimperl\u00e9 (Bois-Joli)<\/span><\/div>\n<div><span style=\"color: #33cccc;\"><strong>Mardi 22 mars<\/strong> <\/span>: animation \u00e0 la maison de retraite d&rsquo;<span style=\"color: #ff6600;\">Arzano<\/span><\/div>\n<div><span style=\"color: #33cccc;\"><strong>Mercredi 16 mars<\/strong><\/span> : animation \u00e0 la maison de retraite de <span style=\"color: #ff6600;\">Querrien.<\/span><\/div>\n<div>&nbsp;<\/div>\n","protected":false},"excerpt":{"rendered":"<p>lundi 12 d\u00e9cembre :Mini fest noz -rencontre ateliers (voir photos galerie 2022) En d\u00e9cembre 2022 le groupe trad anime l&rsquo;atelier loisirs de Guidel et de Riec. 16 d\u00e9cembre 2022:animation ehpad Guidel 8 d\u00e9cembre 2022:animation ehpad mo\u00eblan 2 d\u00e9cembre 2022: T\u00e9lethon &hellip; <a href=\"https:\/\/www.moelan-a-vent.fr\/?page_id=14229\">Continuer la lecture <span class=\"meta-nav\">&rarr;<\/span><\/a><\/p>\n","protected":false},"author":9,"featured_media":14242,"parent":23,"menu_order":10,"comment_status":"closed","ping_status":"closed","template":"","meta":{"ngg_post_thumbnail":0,"footnotes":""},"class_list":["post-14229","page","type-page","status-publish","has-post-thumbnail","hentry"],"_links":{"self":[{"href":"https:\/\/www.moelan-a-vent.fr\/index.php?rest_route=\/wp\/v2\/pages\/14229","targetHints":{"allow":["GET"]}}],"collection":[{"href":"https:\/\/www.moelan-a-vent.fr\/index.php?rest_route=\/wp\/v2\/pages"}],"about":[{"href":"https:\/\/www.moelan-a-vent.fr\/index.php?rest_route=\/wp\/v2\/types\/page"}],"author":[{"embeddable":true,"href":"https:\/\/www.moelan-a-vent.fr\/index.php?rest_route=\/wp\/v2\/users\/9"}],"replies":[{"embeddable":true,"href":"https:\/\/www.moelan-a-vent.fr\/index.php?rest_route=%2Fwp%2Fv2%2Fcomments&post=14229"}],"version-history":[{"count":47,"href":"https:\/\/www.moelan-a-vent.fr\/index.php?rest_route=\/wp\/v2\/pages\/14229\/revisions"}],"predecessor-version":[{"id":15391,"href":"https:\/\/www.moelan-a-vent.fr\/index.php?rest_route=\/wp\/v2\/pages\/14229\/revisions\/15391"}],"up":[{"embeddable":true,"href":"https:\/\/www.moelan-a-vent.fr\/index.php?rest_route=\/wp\/v2\/pages\/23"}],"wp:featuredmedia":[{"embeddable":true,"href":"https:\/\/www.moelan-a-vent.fr\/index.php?rest_route=\/wp\/v2\/media\/14242"}],"wp:attachment":[{"href":"https:\/\/www.moelan-a-vent.fr\/index.php?rest_route=%2Fwp%2Fv2%2Fmedia&parent=14229"}],"curies":[{"name":"wp","href":"https:\/\/api.w.org\/{rel}","templated":true}]}}