{"id":14332,"date":"2022-04-30T12:55:33","date_gmt":"2022-04-30T10:55:33","guid":{"rendered":"https:\/\/www.moelan-a-vent.fr\/?page_id=14332"},"modified":"2025-12-20T17:21:48","modified_gmt":"2025-12-20T16:21:48","slug":"2022-2","status":"publish","type":"page","link":"https:\/\/www.moelan-a-vent.fr\/?page_id=14332","title":{"rendered":"2022"},"content":{"rendered":"\n<div>\n<p>&nbsp;<\/p>\n<h1><span style=\"text-decoration: underline;\"><strong><span style=\"color: #00ccff; text-decoration: underline;\">Jeu de groupe du jeudi 24 novembre<\/span><\/strong><\/span>:<\/h1>\n<h1><a href=\"https:\/\/www.moelan-a-vent.fr\/wp-content\/uploads\/2022\/11\/tite-fleur-fanee.mp4\">moment de choeur sur petite fleur fan\u00e9e:<\/a><\/h1>\n<div style=\"width: 584px;\" class=\"wp-video\"><video class=\"wp-video-shortcode\" id=\"video-14332-1\" width=\"584\" height=\"438\" preload=\"metadata\" controls=\"controls\"><source type=\"video\/mp4\" src=\"https:\/\/www.moelan-a-vent.fr\/wp-content\/uploads\/2022\/11\/tite-fleur-fanee.mp4?_=1\" \/><a href=\"https:\/\/www.moelan-a-vent.fr\/wp-content\/uploads\/2022\/11\/tite-fleur-fanee.mp4\">https:\/\/www.moelan-a-vent.fr\/wp-content\/uploads\/2022\/11\/tite-fleur-fanee.mp4<\/a><\/video><\/div>\n<h1>&nbsp;<\/h1>\n<h1>&nbsp; &nbsp; &nbsp; &nbsp; &nbsp; &nbsp; &nbsp; &nbsp; &nbsp; &nbsp; &nbsp; &nbsp; &nbsp; &nbsp; &nbsp; &nbsp; &nbsp; &nbsp; &nbsp; &nbsp; &nbsp; <a href=\"https:\/\/www.moelan-a-vent.fr\/wp-content\/uploads\/2022\/11\/gavotte-des-notables.mp4\">Gavotte des notables<\/a>&nbsp;<\/h1>\n<div style=\"width: 584px;\" class=\"wp-video\"><video class=\"wp-video-shortcode\" id=\"video-14332-2\" width=\"584\" height=\"438\" preload=\"metadata\" controls=\"controls\"><source type=\"video\/mp4\" src=\"https:\/\/www.moelan-a-vent.fr\/wp-content\/uploads\/2022\/11\/gavotte-des-notables.mp4?_=2\" \/><a href=\"https:\/\/www.moelan-a-vent.fr\/wp-content\/uploads\/2022\/11\/gavotte-des-notables.mp4\">https:\/\/www.moelan-a-vent.fr\/wp-content\/uploads\/2022\/11\/gavotte-des-notables.mp4<\/a><\/video><\/div>\n<\/div>\n\n\n\n<p>&nbsp;<\/p>\n<p>&nbsp;<\/p>\n<p><span style=\"text-decoration: underline;\"><span style=\"color: #ff00ff; text-decoration: underline;\">Ci-dessous, galerie de la sortie \u00e0 Ouessant et du Fest noz du 29 avril 2022<\/span><\/span><\/p>\n<p><span style=\"color: #000000;\">Passer <\/span>la souris sur la photo pour savoir \u00e0 quel moment elle a \u00e9t\u00e9 prise.<\/p>\n\n\n\nngg_shortcode_0_placeholder\n","protected":false},"excerpt":{"rendered":"<p>&nbsp; Jeu de groupe du jeudi 24 novembre: moment de choeur sur petite fleur fan\u00e9e: &nbsp; &nbsp; &nbsp; &nbsp; &nbsp; &nbsp; &nbsp; &nbsp; &nbsp; &nbsp; &nbsp; &nbsp; &nbsp; &nbsp; &nbsp; &nbsp; &nbsp; &nbsp; &nbsp; &nbsp; &nbsp; &nbsp; Gavotte des notables&nbsp; &hellip; <a href=\"https:\/\/www.moelan-a-vent.fr\/?page_id=14332\">Continuer la lecture <span class=\"meta-nav\">&rarr;<\/span><\/a><\/p>\n","protected":false},"author":9,"featured_media":0,"parent":139,"menu_order":7,"comment_status":"closed","ping_status":"closed","template":"","meta":{"ngg_post_thumbnail":0,"footnotes":""},"class_list":["post-14332","page","type-page","status-publish","hentry"],"_links":{"self":[{"href":"https:\/\/www.moelan-a-vent.fr\/index.php?rest_route=\/wp\/v2\/pages\/14332","targetHints":{"allow":["GET"]}}],"collection":[{"href":"https:\/\/www.moelan-a-vent.fr\/index.php?rest_route=\/wp\/v2\/pages"}],"about":[{"href":"https:\/\/www.moelan-a-vent.fr\/index.php?rest_route=\/wp\/v2\/types\/page"}],"author":[{"embeddable":true,"href":"https:\/\/www.moelan-a-vent.fr\/index.php?rest_route=\/wp\/v2\/users\/9"}],"replies":[{"embeddable":true,"href":"https:\/\/www.moelan-a-vent.fr\/index.php?rest_route=%2Fwp%2Fv2%2Fcomments&post=14332"}],"version-history":[{"count":8,"href":"https:\/\/www.moelan-a-vent.fr\/index.php?rest_route=\/wp\/v2\/pages\/14332\/revisions"}],"predecessor-version":[{"id":17154,"href":"https:\/\/www.moelan-a-vent.fr\/index.php?rest_route=\/wp\/v2\/pages\/14332\/revisions\/17154"}],"up":[{"embeddable":true,"href":"https:\/\/www.moelan-a-vent.fr\/index.php?rest_route=\/wp\/v2\/pages\/139"}],"wp:attachment":[{"href":"https:\/\/www.moelan-a-vent.fr\/index.php?rest_route=%2Fwp%2Fv2%2Fmedia&parent=14332"}],"curies":[{"name":"wp","href":"https:\/\/api.w.org\/{rel}","templated":true}]}}