{"id":1633,"date":"2012-03-05T16:28:39","date_gmt":"2012-03-05T15:28:39","guid":{"rendered":"http:\/\/moelan-a-vent.diateam.net\/?page_id=1633"},"modified":"2026-02-05T15:31:26","modified_gmt":"2026-02-05T14:31:26","slug":"danses-traditionnelles-2","status":"publish","type":"page","link":"https:\/\/www.moelan-a-vent.fr\/?page_id=1633","title":{"rendered":"Danses traditionnelles"},"content":{"rendered":"<p><em>Vous \u00e9coutez un extrait de la \u00ab\u00a0mazurka des \u00e9coliers de saint-Genest\u00a0\u00bb interpr\u00e9t\u00e9e par les MAV<\/em><\/p>\n<audio class=\"wp-audio-shortcode\" id=\"audio-1633-1\" preload=\"none\" style=\"width: 100%;\" controls=\"controls\"><source type=\"audio\/mpeg\" src=\"https:\/\/www.moelan-a-vent.fr\/wp-content\/uploads\/2026\/01\/MAV-Valse-du-kiosque.mp3?_=1\" \/><a href=\"https:\/\/www.moelan-a-vent.fr\/wp-content\/uploads\/2026\/01\/MAV-Valse-du-kiosque.mp3\">https:\/\/www.moelan-a-vent.fr\/wp-content\/uploads\/2026\/01\/MAV-Valse-du-kiosque.mp3<\/a><\/audio>\n<table width=\"\u201d600&quot;border=\u201d1\u2033\" cellspacing=\"\u201d0\u2033\" cellpadding=\"\u201d0\u2033\">\n<tbody>\n<tr>\n<td style=\"text-align: left;\">&nbsp;<a href=\"https:\/\/www.moelan-a-vent.fr\/?page_id=2879\">Bourr\u00e9es<\/a><\/td>\n<td><a href=\"https:\/\/www.moelan-a-vent.fr\/?page_id=1627\">Mazurkas<\/a><\/td>\n<td>&nbsp;<a href=\"https:\/\/www.moelan-a-vent.fr\/?page_id=1625\">Polkas<\/a><\/td>\n<td>&nbsp;<a href=\"https:\/\/www.moelan-a-vent.fr\/?page_id=1631\">Scottishes<\/a><\/td>\n<\/tr>\n<tr>\n<td><a href=\"https:\/\/www.moelan-a-vent.fr\/?page_id=3147\">Valses<\/a><\/td>\n<td>&nbsp;&nbsp;<a href=\"https:\/\/www.moelan-a-vent.fr\/?page_id=1710\">Autres<\/a><\/td>\n<td>&nbsp;<\/td>\n<td>&nbsp;<\/td>\n<\/tr>\n<\/tbody>\n<\/table>\n","protected":false},"excerpt":{"rendered":"<p>Vous \u00e9coutez un extrait de la \u00ab\u00a0mazurka des \u00e9coliers de saint-Genest\u00a0\u00bb interpr\u00e9t\u00e9e par les MAV &nbsp;Bourr\u00e9es Mazurkas &nbsp;Polkas &nbsp;Scottishes Valses &nbsp;&nbsp;Autres &nbsp; &nbsp;<\/p>\n","protected":false},"author":9,"featured_media":2242,"parent":923,"menu_order":2,"comment_status":"closed","ping_status":"open","template":"","meta":{"ngg_post_thumbnail":0,"footnotes":""},"class_list":["post-1633","page","type-page","status-publish","has-post-thumbnail","hentry"],"_links":{"self":[{"href":"https:\/\/www.moelan-a-vent.fr\/index.php?rest_route=\/wp\/v2\/pages\/1633","targetHints":{"allow":["GET"]}}],"collection":[{"href":"https:\/\/www.moelan-a-vent.fr\/index.php?rest_route=\/wp\/v2\/pages"}],"about":[{"href":"https:\/\/www.moelan-a-vent.fr\/index.php?rest_route=\/wp\/v2\/types\/page"}],"author":[{"embeddable":true,"href":"https:\/\/www.moelan-a-vent.fr\/index.php?rest_route=\/wp\/v2\/users\/9"}],"replies":[{"embeddable":true,"href":"https:\/\/www.moelan-a-vent.fr\/index.php?rest_route=%2Fwp%2Fv2%2Fcomments&post=1633"}],"version-history":[{"count":29,"href":"https:\/\/www.moelan-a-vent.fr\/index.php?rest_route=\/wp\/v2\/pages\/1633\/revisions"}],"predecessor-version":[{"id":17300,"href":"https:\/\/www.moelan-a-vent.fr\/index.php?rest_route=\/wp\/v2\/pages\/1633\/revisions\/17300"}],"up":[{"embeddable":true,"href":"https:\/\/www.moelan-a-vent.fr\/index.php?rest_route=\/wp\/v2\/pages\/923"}],"wp:featuredmedia":[{"embeddable":true,"href":"https:\/\/www.moelan-a-vent.fr\/index.php?rest_route=\/wp\/v2\/media\/2242"}],"wp:attachment":[{"href":"https:\/\/www.moelan-a-vent.fr\/index.php?rest_route=%2Fwp%2Fv2%2Fmedia&parent=1633"}],"curies":[{"name":"wp","href":"https:\/\/api.w.org\/{rel}","templated":true}]}}