{"id":1725,"date":"2012-03-06T11:07:50","date_gmt":"2012-03-06T10:07:50","guid":{"rendered":"http:\/\/moelan-a-vent.diateam.net\/?page_id=1725"},"modified":"2017-09-17T13:04:36","modified_gmt":"2017-09-17T12:04:36","slug":"larides","status":"publish","type":"page","link":"https:\/\/www.moelan-a-vent.fr\/?page_id=1725","title":{"rendered":"Larid\u00e9s"},"content":{"rendered":"<table width=\"\u201d600&quot;border=\u201d1\u2033\" cellspacing=\"\u201d0\u2033\" cellpadding=\"\u201d0\u2033\">\n<tbody>\n<tr>\n<td>&nbsp;<a href=\"https:\/\/www.moelan-a-vent.fr\/wp-content\/uploads\/2012\/02\/acrobat4.gif\"><img loading=\"lazy\" decoding=\"async\" class=\"alignnone size-full wp-image-1372\" title=\"pdf\" src=\"https:\/\/www.moelan-a-vent.fr\/wp-content\/uploads\/2012\/02\/acrobat4.gif\" alt=\"\" width=\"25\" height=\"25\"><\/a><\/td>\n<td><a href=\"https:\/\/www.moelan-a-vent.fr\/wp-content\/uploads\/2012\/02\/pdf.gif\"><img loading=\"lazy\" decoding=\"async\" class=\"alignnone size-full wp-image-1371\" title=\"midi\" src=\"https:\/\/www.moelan-a-vent.fr\/wp-content\/uploads\/2012\/02\/pdf.gif\" alt=\"\" width=\"39\" height=\"15\"><\/a><\/td>\n<td>&nbsp;<a href=\"https:\/\/www.moelan-a-vent.fr\/wp-content\/uploads\/2012\/02\/tef.gif\"><img loading=\"lazy\" decoding=\"async\" class=\"alignnone size-full wp-image-1370\" title=\"tef\" src=\"https:\/\/www.moelan-a-vent.fr\/wp-content\/uploads\/2012\/02\/tef.gif\" alt=\"\" width=\"37\" height=\"31\"><\/a><\/td>\n<\/tr>\n<tr>\n<td>&nbsp;<a href=\"https:\/\/www.moelan-a-vent.fr\/wp-content\/uploads\/2012\/02\/Larid\u00e9-8-temps-1-GM.pdf\">Larid\u00e9 8 temps 1 <\/a><\/td>\n<td><span style=\"color: #ffff99;\">&nbsp;<em><a href=\"https:\/\/www.moelan-a-vent.fr\/wp-content\/uploads\/2012\/02\/Larid\u00e9-8-temps-1-GM.mid\"><span style=\"color: #ffff99;\">midi<\/span><\/a><\/em><\/span><\/td>\n<td><span style=\"color: #ffff99;\">&nbsp;<em><a href=\"https:\/\/www.moelan-a-vent.fr\/wp-content\/uploads\/2012\/02\/Larid\u00e9-8-temps-1-GM.tef\"><span style=\"color: #ffff99;\">tef<\/span><\/a><\/em><\/span><\/td>\n<\/tr>\n<tr>\n<td>&nbsp;<a href=\"https:\/\/www.moelan-a-vent.fr\/wp-content\/uploads\/2012\/02\/Larid\u00e9-8-temps-2-GM.pdf\">Larid\u00e9 8 temps 2&nbsp;<\/a><\/td>\n<td>&nbsp;<span style=\"color: #ffff99;\"><em><a href=\"https:\/\/www.moelan-a-vent.fr\/wp-content\/uploads\/2012\/02\/larid\u00e9-8-temps-2-GM.mid\"><span style=\"color: #ffff99;\">midi<\/span><\/a><\/em><\/span><\/td>\n<td><span style=\"color: #ffff99;\">&nbsp;<em><a href=\"https:\/\/www.moelan-a-vent.fr\/wp-content\/uploads\/2012\/02\/larid\u00e9-8-temps-2-GM.tef\"><span style=\"color: #ffff99;\">tef<\/span><\/a><\/em><\/span><\/td>\n<\/tr>\n<tr>\n<td>&nbsp;<a href=\"https:\/\/www.moelan-a-vent.fr\/wp-content\/uploads\/2012\/03\/Larid\u00e9-8-temps-\u00e0-Cyrille-1-GM.pdf\">Larid\u00e9 8 temps \u00e0 Cyrille 1 <\/a><\/td>\n<td>&nbsp;<em><a href=\"https:\/\/www.moelan-a-vent.fr\/wp-content\/uploads\/2012\/03\/Larid\u00e9-8-temps-\u00e0-Cyrille-1-GM.mid\">midi<\/a><\/em><\/td>\n<td><em>&nbsp;<a href=\"https:\/\/www.moelan-a-vent.fr\/wp-content\/uploads\/2012\/03\/Larid\u00e9-8-temps-\u00e0-Cyrille-1-GM.tef\">tef<\/a><\/em><\/td>\n<\/tr>\n<tr>\n<td>&nbsp;<a href=\"https:\/\/www.moelan-a-vent.fr\/wp-content\/uploads\/2012\/02\/Larid\u00e9-8-temps-\u00e0-Cyrille-n\u00b0-2-GM.pdf\">Larid\u00e9 8 temps \u00e0 Cyrille n\u00b0 2 <\/a><\/td>\n<td>&nbsp;<span style=\"color: #ffff99;\"><em><a href=\"https:\/\/www.moelan-a-vent.fr\/wp-content\/uploads\/2012\/02\/Larid\u00e9-8-temps-\u00e0-Cyrille-2-GM.mid\"><span style=\"color: #ffff99;\">midi<\/span><\/a><\/em><\/span><\/td>\n<td><span style=\"color: #ffff99;\">&nbsp;<em><a href=\"https:\/\/www.moelan-a-vent.fr\/wp-content\/uploads\/2012\/02\/Larid\u00e9-8-temps-\u00e0-Cyrille-2-GM.tef\"><span style=\"color: #ffff99;\">tef<\/span><\/a><\/em><\/span><\/td>\n<\/tr>\n<tr>\n<td><a href=\"https:\/\/www.moelan-a-vent.fr\/wp-content\/uploads\/2012\/03\/Larid\u00e9-8-temps-de-La-Bord\u00e9e-JPD.pdf\">Larid\u00e9 8 temps de La Bord\u00e9e<\/a>&nbsp;<\/td>\n<td>&nbsp;<em><a href=\"https:\/\/www.moelan-a-vent.fr\/wp-content\/uploads\/2012\/03\/Larid\u00e9-8-temps-de-La-Bord\u00e9e-JPD.mid\">midi<\/a><\/em><\/td>\n<td><em>&nbsp;<a href=\"https:\/\/www.moelan-a-vent.fr\/wp-content\/uploads\/2012\/03\/Larid\u00e9-8-temps-de-La-Bord\u00e9e-JPD.tef\">tef<\/a><\/em><\/td>\n<\/tr>\n<tr>\n<td>&nbsp;<a href=\"https:\/\/www.moelan-a-vent.fr\/wp-content\/uploads\/2012\/03\/Larid\u00e9-8-temps-Laridenn1.pdf\">Larid\u00e9 8 temps Laridenn<\/a><\/td>\n<td>&nbsp;<em><a href=\"https:\/\/www.moelan-a-vent.fr\/wp-content\/uploads\/2012\/03\/Larid\u00e9-8-temps-Laridenn-GM.mid\">midi<\/a><\/em><\/td>\n<td><em><a href=\"https:\/\/www.moelan-a-vent.fr\/wp-content\/uploads\/2012\/03\/Larid\u00e9-8-temps-Laridenn-GM.tef\">tef<\/a><\/em><\/td>\n<\/tr>\n<tr>\n<td>&nbsp;<a href=\"https:\/\/www.moelan-a-vent.fr\/wp-content\/uploads\/2012\/03\/Larid\u00e9-8-temps-Mon-p\u00e8re-ma-mari\u00e9e.pdf\">Larid\u00e9 8 temps Mon p\u00e8re m&rsquo;a mari\u00e9e<\/a><\/td>\n<td><em>&nbsp;<span style=\"color: #ffff99;\"><a href=\"https:\/\/www.moelan-a-vent.fr\/wp-content\/uploads\/2012\/03\/Larid\u00e9-8-temps-mon-p\u00e9re-ma-mari\u00e9e.mid\"><span style=\"color: #ffff99;\">midi<\/span><\/a><\/span><\/em><\/td>\n<td><span style=\"color: #ffff99;\">&nbsp;<em><a href=\"https:\/\/www.moelan-a-vent.fr\/wp-content\/uploads\/2012\/03\/Larid\u00e9-8-temps-mon-p\u00e9re-ma-mari\u00e9e.tef\"><span style=\"color: #ffff99;\">tef<\/span><\/a><\/em><\/span><\/td>\n<\/tr>\n<tr>\n<td>&nbsp;<\/td>\n<td>&nbsp;<\/td>\n<td><em>&nbsp;<\/em><\/td>\n<\/tr>\n<tr>\n<td><a href=\"https:\/\/www.moelan-a-vent.fr\/wp-content\/uploads\/2012\/03\/Larid\u00e9-de-Kervignac-GM1.pdf\">Larid\u00e9 de Kervignac <\/a>&nbsp;<\/td>\n<td><em><a href=\"https:\/\/www.moelan-a-vent.fr\/wp-content\/uploads\/2012\/03\/Larid\u00e9-de-Kervignac-GM1.mid\">midi<\/a><\/em><\/td>\n<td><em><a href=\"https:\/\/www.moelan-a-vent.fr\/wp-content\/uploads\/2012\/03\/Larid\u00e9-de-Kervignac-GM1.tef\">tef<\/a>&nbsp;<\/em><\/td>\n<\/tr>\n<tr>\n<td>&nbsp;<a href=\"https:\/\/www.moelan-a-vent.fr\/wp-content\/uploads\/2012\/03\/Rid\u00e9es-6-temps-suite-GM.pdf\">Rid\u00e9es 6 temps ( suite )<\/a><a href=\"https:\/\/www.moelan-a-vent.fr\/wp-content\/uploads\/2012\/03\/nouveau.jpg\"><br \/>\n<\/a><\/td>\n<td>&nbsp;<em><a href=\"https:\/\/www.moelan-a-vent.fr\/wp-content\/uploads\/2012\/03\/Rid\u00e9es-6-temps-suite-GM.mid\">midi<\/a><\/em><\/td>\n<td><em>&nbsp;<a href=\"https:\/\/www.moelan-a-vent.fr\/wp-content\/uploads\/2012\/03\/Rid\u00e9es-6-temps-suite-GM.tef\">tef<\/a><\/em><\/td>\n<\/tr>\n<tr>\n<td>&nbsp;<a href=\"https:\/\/www.moelan-a-vent.fr\/wp-content\/uploads\/2012\/03\/Rid\u00e9e-6-temps-2-DJ.pdf\">Rid\u00e9e 6 temps 2 <\/a><a href=\"https:\/\/www.moelan-a-vent.fr\/wp-content\/uploads\/2012\/03\/nouveau.jpg\"><br \/>\n<\/a><\/td>\n<td>&nbsp;<em><a href=\"https:\/\/www.moelan-a-vent.fr\/wp-content\/uploads\/2012\/03\/Rid\u00e9e-6-tps-2-DJ.mid\">midi<\/a><\/em><\/td>\n<td><em>&nbsp;<a href=\"https:\/\/www.moelan-a-vent.fr\/wp-content\/uploads\/2012\/03\/Rid\u00e9e-6-tps-2-DJ.tef\">tef<\/a><\/em><\/td>\n<\/tr>\n<tr>\n<td>&nbsp;<a href=\"https:\/\/www.moelan-a-vent.fr\/wp-content\/uploads\/2012\/03\/Rid\u00e9e-6-temps-Quand-les-gar\u00e7ons-vont-aux-noces-GM.pdf\">Rid\u00e9e 6 temps Quand les gar\u00e7ons vont aux noces&nbsp;<\/a><\/td>\n<td>&nbsp;<em><a href=\"https:\/\/www.moelan-a-vent.fr\/wp-content\/uploads\/2012\/03\/Rid\u00e9e-6-temps-Quand-les-gar\u00e7ons-vont-aux-noces-GM.mid\">midi<\/a><\/em><\/td>\n<td><em>&nbsp;<a href=\"https:\/\/www.moelan-a-vent.fr\/wp-content\/uploads\/2012\/03\/Rid\u00e9e-6-temps-Quand-les-gar\u00e7ons-vont-aux-noces-GM.tef\">tef<\/a><\/em><\/td>\n<\/tr>\n<tr>\n<td>&nbsp;<\/td>\n<td>&nbsp;<\/td>\n<td>&nbsp;<\/td>\n<\/tr>\n<\/tbody>\n<\/table>\n","protected":false},"excerpt":{"rendered":"<p>&nbsp; &nbsp; &nbsp;Larid\u00e9 8 temps 1 &nbsp;midi &nbsp;tef &nbsp;Larid\u00e9 8 temps 2&nbsp; &nbsp;midi &nbsp;tef &nbsp;Larid\u00e9 8 temps \u00e0 Cyrille 1 &nbsp;midi &nbsp;tef &nbsp;Larid\u00e9 8 temps \u00e0 Cyrille n\u00b0 2 &nbsp;midi &nbsp;tef Larid\u00e9 8 temps de La Bord\u00e9e&nbsp; &nbsp;midi &nbsp;tef &nbsp;Larid\u00e9 &hellip; <a href=\"https:\/\/www.moelan-a-vent.fr\/?page_id=1725\">Continuer la lecture <span class=\"meta-nav\">&rarr;<\/span><\/a><\/p>\n","protected":false},"author":9,"featured_media":7884,"parent":1730,"menu_order":1,"comment_status":"closed","ping_status":"open","template":"","meta":{"ngg_post_thumbnail":0,"footnotes":""},"class_list":["post-1725","page","type-page","status-publish","has-post-thumbnail","hentry"],"_links":{"self":[{"href":"https:\/\/www.moelan-a-vent.fr\/index.php?rest_route=\/wp\/v2\/pages\/1725","targetHints":{"allow":["GET"]}}],"collection":[{"href":"https:\/\/www.moelan-a-vent.fr\/index.php?rest_route=\/wp\/v2\/pages"}],"about":[{"href":"https:\/\/www.moelan-a-vent.fr\/index.php?rest_route=\/wp\/v2\/types\/page"}],"author":[{"embeddable":true,"href":"https:\/\/www.moelan-a-vent.fr\/index.php?rest_route=\/wp\/v2\/users\/9"}],"replies":[{"embeddable":true,"href":"https:\/\/www.moelan-a-vent.fr\/index.php?rest_route=%2Fwp%2Fv2%2Fcomments&post=1725"}],"version-history":[{"count":25,"href":"https:\/\/www.moelan-a-vent.fr\/index.php?rest_route=\/wp\/v2\/pages\/1725\/revisions"}],"predecessor-version":[{"id":10368,"href":"https:\/\/www.moelan-a-vent.fr\/index.php?rest_route=\/wp\/v2\/pages\/1725\/revisions\/10368"}],"up":[{"embeddable":true,"href":"https:\/\/www.moelan-a-vent.fr\/index.php?rest_route=\/wp\/v2\/pages\/1730"}],"wp:featuredmedia":[{"embeddable":true,"href":"https:\/\/www.moelan-a-vent.fr\/index.php?rest_route=\/wp\/v2\/media\/7884"}],"wp:attachment":[{"href":"https:\/\/www.moelan-a-vent.fr\/index.php?rest_route=%2Fwp%2Fv2%2Fmedia&parent=1725"}],"curies":[{"name":"wp","href":"https:\/\/api.w.org\/{rel}","templated":true}]}}