{"id":1730,"date":"2012-03-06T11:11:42","date_gmt":"2012-03-06T10:11:42","guid":{"rendered":"http:\/\/moelan-a-vent.diateam.net\/?page_id=1730"},"modified":"2014-12-01T22:54:37","modified_gmt":"2014-12-01T21:54:37","slug":"danses-de-bretagne-2","status":"publish","type":"page","link":"https:\/\/www.moelan-a-vent.fr\/?page_id=1730","title":{"rendered":"Danses de Bretagne"},"content":{"rendered":"<table width=\"\u201d600&quot;border=\u201d1\u2033\" cellspacing=\"\u201d0\u2033\" cellpadding=\"\u201d0\u2033\">\n<tbody>\n<tr>\n<td><\/td>\n<td>\u00a0<a href=\"https:\/\/www.moelan-a-vent.fr\/wp-content\/uploads\/2012\/03\/r.jpg\"><img loading=\"lazy\" decoding=\"async\" class=\"aligncenter size-full wp-image-4366\" alt=\"r\" src=\"https:\/\/www.moelan-a-vent.fr\/wp-content\/uploads\/2012\/03\/r.jpg\" width=\"120\" height=\"103\" \/><\/a><\/td>\n<td><\/td>\n<td><\/td>\n<\/tr>\n<tr>\n<td>\u00a0<a href=\"http:\/\/\/www.moelan-a-vent.fr\/?page_id=932\">An dro, Hanter dro, Kas a barh<\/a><\/td>\n<td>\u00a0\u00a0<a href=\"http:\/\/\/www.moelan-a-vent.fr\/?page_id=1725\">Larid\u00e9s<\/a><\/td>\n<td>\u00a0<a href=\"http:\/\/\/www.moelan-a-vent.fr\/?page_id=1741\">Autres danses de Bretagne<\/a><\/td>\n<\/tr>\n<tr>\n<td><\/td>\n<td><\/td>\n<td><\/td>\n<td><\/td>\n<\/tr>\n<\/tbody>\n<\/table>\n<p><em>Voici, en vid\u00e9o, gr\u00e2ce\u00a0<a href=\"http:\/\/www.letelegramme.fr\/\">\u00ab\u00a0au T\u00e9l\u00e9gramme\u00a0\u00bb<\/a>, quelques d\u00e9monstrations de danses bretonnes pour les novices : Au programme : <a href=\"http:\/\/www.letelegramme.fr\/local\/cotes-d-armor\/guingamp\/ville\/les-danses-bretonnes-pour-les-novices-1-5-le-plinn-13-08-2013-2201540.php\"> le plinn, le pas subdivis\u00e9, la gavotte montagne, la d\u00e9rob\u00e9e guingampaise et le larid\u00e9.<\/a><\/em><\/p>\n","protected":false},"excerpt":{"rendered":"<p>\u00a0 \u00a0An dro, Hanter dro, Kas a barh \u00a0\u00a0Larid\u00e9s \u00a0Autres danses de Bretagne Voici, en vid\u00e9o, gr\u00e2ce\u00a0\u00ab\u00a0au T\u00e9l\u00e9gramme\u00a0\u00bb, quelques d\u00e9monstrations de danses bretonnes pour les novices : Au programme : le plinn, le pas subdivis\u00e9, la gavotte montagne, la d\u00e9rob\u00e9e &hellip; <a href=\"https:\/\/www.moelan-a-vent.fr\/?page_id=1730\">Continuer la lecture <span class=\"meta-nav\">&rarr;<\/span><\/a><\/p>\n","protected":false},"author":9,"featured_media":6559,"parent":923,"menu_order":1,"comment_status":"closed","ping_status":"open","template":"","meta":{"ngg_post_thumbnail":0,"footnotes":""},"class_list":["post-1730","page","type-page","status-publish","has-post-thumbnail","hentry"],"_links":{"self":[{"href":"https:\/\/www.moelan-a-vent.fr\/index.php?rest_route=\/wp\/v2\/pages\/1730","targetHints":{"allow":["GET"]}}],"collection":[{"href":"https:\/\/www.moelan-a-vent.fr\/index.php?rest_route=\/wp\/v2\/pages"}],"about":[{"href":"https:\/\/www.moelan-a-vent.fr\/index.php?rest_route=\/wp\/v2\/types\/page"}],"author":[{"embeddable":true,"href":"https:\/\/www.moelan-a-vent.fr\/index.php?rest_route=\/wp\/v2\/users\/9"}],"replies":[{"embeddable":true,"href":"https:\/\/www.moelan-a-vent.fr\/index.php?rest_route=%2Fwp%2Fv2%2Fcomments&post=1730"}],"version-history":[{"count":16,"href":"https:\/\/www.moelan-a-vent.fr\/index.php?rest_route=\/wp\/v2\/pages\/1730\/revisions"}],"predecessor-version":[{"id":4675,"href":"https:\/\/www.moelan-a-vent.fr\/index.php?rest_route=\/wp\/v2\/pages\/1730\/revisions\/4675"}],"up":[{"embeddable":true,"href":"https:\/\/www.moelan-a-vent.fr\/index.php?rest_route=\/wp\/v2\/pages\/923"}],"wp:featuredmedia":[{"embeddable":true,"href":"https:\/\/www.moelan-a-vent.fr\/index.php?rest_route=\/wp\/v2\/media\/6559"}],"wp:attachment":[{"href":"https:\/\/www.moelan-a-vent.fr\/index.php?rest_route=%2Fwp%2Fv2%2Fmedia&parent=1730"}],"curies":[{"name":"wp","href":"https:\/\/api.w.org\/{rel}","templated":true}]}}