{"id":1834,"date":"2012-03-09T14:22:38","date_gmt":"2012-03-09T13:22:38","guid":{"rendered":"http:\/\/moelan-a-vent.fr\/?page_id=1834"},"modified":"2025-11-29T09:55:41","modified_gmt":"2025-11-29T08:55:41","slug":"luthiers-facteurs-daccordeons-et-vendeurs-des-marques-les-plus-connues-en-france","status":"publish","type":"page","link":"https:\/\/www.moelan-a-vent.fr\/?page_id=1834","title":{"rendered":"Luthiers, facteurs d\u2019accord\u00e9ons et vendeurs des marques les plus connues en France"},"content":{"rendered":"<p>&nbsp;<\/p>\n<table style=\"width: 100%;\" width=\"\u201d1000&quot;border=\u201d1\u2033\" cellspacing=\"\u201d0\u2033\" cellpadding=\"\u201d0\u2033\">\n<tbody>\n<tr>\n<td><a href=\"http:\/\/www.atelierdelaccordeon.com\/\">atelierdelaccordeon.com<\/a>&nbsp;( Thierry&nbsp; Beuze \u00e0 Plon\u00e9is pr\u00e8s de Quimper dans le 29 &nbsp;)<\/td>\n<td>&nbsp;<\/td>\n<\/tr>\n<tr>\n<td><a href=\"http:\/\/www.diato.org\">diato.org<\/a> ( atelier Bernard Loffet \u00e0 Caudan pr\u00e8s de Lorient dans le 56 )<\/td>\n<td>&nbsp;<\/td>\n<\/tr>\n<tr>\n<td><a href=\"http:\/\/www.lamaisondelaccordeon.com\/\">lamaisondelaccordeon.com<\/a>&nbsp;( Castagnari \u00e0 Rennes dans le 35 )<\/td>\n<td>&nbsp;<\/td>\n<\/tr>\n<tr>\n<td>&nbsp;<a href=\"http:\/\/pianoabretelles.fr \">pianoabretelles.fr<\/a>&nbsp;( Stelvio \u00e0 Rennes dans le 35 )<\/td>\n<td>&nbsp;<\/td>\n<\/tr>\n<tr>\n<td><a href=\"http:\/\/www.accordeonsgaillard.fr\/\">accordeonsgaillard.fr<\/a>&nbsp;( atelier Bertrand Gaillard&nbsp; \u00e0 La Chapelle-sur-Erdre dans le 44)<\/td>\n<td>&nbsp;<\/td>\n<\/tr>\n<tr>\n<td>&nbsp;<a href=\"http:\/\/yvusaccordeons.free.fr\/\">yvusaccordeons.free.fr<\/a>&nbsp;(atelier Yves Gaubert \u00e0 Moussoulens dans le 11)<\/td>\n<td>&nbsp;<\/td>\n<\/tr>\n<tr>\n<td><a href=\"https:\/\/www.lamalleauxaccordeons.fr\/fr\/\">La Malle aux accord\u00e9ons&nbsp;<\/a> (atelier Jean Malle \u00e0 Montpellier)<\/td>\n<td>&nbsp;<\/td>\n<\/tr>\n<\/tbody>\n<\/table>\n","protected":false},"excerpt":{"rendered":"<p>&nbsp; atelierdelaccordeon.com&nbsp;( Thierry&nbsp; Beuze \u00e0 Plon\u00e9is pr\u00e8s de Quimper dans le 29 &nbsp;) &nbsp; diato.org ( atelier Bernard Loffet \u00e0 Caudan pr\u00e8s de Lorient dans le 56 ) &nbsp; lamaisondelaccordeon.com&nbsp;( Castagnari \u00e0 Rennes dans le 35 ) &nbsp; &nbsp;pianoabretelles.fr&nbsp;( Stelvio &hellip; <a href=\"https:\/\/www.moelan-a-vent.fr\/?page_id=1834\">Continuer la lecture <span class=\"meta-nav\">&rarr;<\/span><\/a><\/p>\n","protected":false},"author":9,"featured_media":2254,"parent":86,"menu_order":1,"comment_status":"closed","ping_status":"open","template":"","meta":{"ngg_post_thumbnail":0,"footnotes":""},"class_list":["post-1834","page","type-page","status-publish","has-post-thumbnail","hentry"],"_links":{"self":[{"href":"https:\/\/www.moelan-a-vent.fr\/index.php?rest_route=\/wp\/v2\/pages\/1834","targetHints":{"allow":["GET"]}}],"collection":[{"href":"https:\/\/www.moelan-a-vent.fr\/index.php?rest_route=\/wp\/v2\/pages"}],"about":[{"href":"https:\/\/www.moelan-a-vent.fr\/index.php?rest_route=\/wp\/v2\/types\/page"}],"author":[{"embeddable":true,"href":"https:\/\/www.moelan-a-vent.fr\/index.php?rest_route=\/wp\/v2\/users\/9"}],"replies":[{"embeddable":true,"href":"https:\/\/www.moelan-a-vent.fr\/index.php?rest_route=%2Fwp%2Fv2%2Fcomments&post=1834"}],"version-history":[{"count":33,"href":"https:\/\/www.moelan-a-vent.fr\/index.php?rest_route=\/wp\/v2\/pages\/1834\/revisions"}],"predecessor-version":[{"id":16955,"href":"https:\/\/www.moelan-a-vent.fr\/index.php?rest_route=\/wp\/v2\/pages\/1834\/revisions\/16955"}],"up":[{"embeddable":true,"href":"https:\/\/www.moelan-a-vent.fr\/index.php?rest_route=\/wp\/v2\/pages\/86"}],"wp:featuredmedia":[{"embeddable":true,"href":"https:\/\/www.moelan-a-vent.fr\/index.php?rest_route=\/wp\/v2\/media\/2254"}],"wp:attachment":[{"href":"https:\/\/www.moelan-a-vent.fr\/index.php?rest_route=%2Fwp%2Fv2%2Fmedia&parent=1834"}],"curies":[{"name":"wp","href":"https:\/\/api.w.org\/{rel}","templated":true}]}}