{"id":1840,"date":"2012-03-09T19:42:55","date_gmt":"2012-03-09T18:42:55","guid":{"rendered":"http:\/\/moelan-a-vent.fr\/?page_id=1840"},"modified":"2025-11-29T09:52:33","modified_gmt":"2025-11-29T08:52:33","slug":"sites-proposant-des-tablatures","status":"publish","type":"page","link":"https:\/\/www.moelan-a-vent.fr\/?page_id=1840","title":{"rendered":"Sites proposant des tablatures, des cours"},"content":{"rendered":"<table style=\"width: 100%;\" width=\"\u201d10000&quot;border=\u201d1\u2033\" cellspacing=\"\u201d0\u2033\" cellpadding=\"\u201d0\u2033\">\n<tbody>\n<tr>\n<td style=\"width: 54.7231%;\"><a href=\"http:\/\/accordeondiatonique.jimdo.com\/\">accordeondiatonique.jimdo.com<\/a>&nbsp;ngg_shortcode_0_placeholder<\/td>\n<td style=\"width: 43.6482%;\">&nbsp;Association Soufflerie accord\u00e9on<\/td>\n<td>&nbsp;<\/td>\n<\/tr>\n<tr>\n<td style=\"width: 54.7231%;\"><a href=\"http:\/\/amuse.danse.free.fr\/\">amuse.danse.free.fr<\/a><\/td>\n<td style=\"width: 43.6482%;\">&nbsp;<\/td>\n<td>&nbsp;<\/td>\n<\/tr>\n<tr>\n<td style=\"width: 54.7231%;\"><a href=\"http:\/\/ardiato.fr\/\">ardiato.fr<\/a><\/td>\n<td style=\"width: 43.6482%;\">&nbsp;Association d&rsquo;accord\u00e9on diatonique \u00e0 Arradon &#8211; Morbihan<\/td>\n<td>&nbsp;<\/td>\n<\/tr>\n<tr>\n<td style=\"width: 54.7231%;\"><a href=\"http:\/\/www.breizh-music.bzh\/\">www.breizh-music.bzh<\/a><\/td>\n<td style=\"width: 43.6482%;\">&nbsp;Cours de musique bretonne<\/td>\n<td style=\"width: 1.62866%;\">&nbsp;<\/td>\n<\/tr>\n<tr>\n<td style=\"width: 54.7231%;\"><a href=\"http:\/\/bretelle.tradfrance.com\/\">bretelle.tradfrance.com<\/a><\/td>\n<td style=\"width: 43.6482%;\">&nbsp;Le site des Pique-diatonistes d&rsquo;Alsace<\/td>\n<td>&nbsp;<\/td>\n<\/tr>\n<tr>\n<td style=\"width: 54.7231%;\"><a href=\"http:\/\/cancoillottefolk.com\/\">cancoillottefolk.com<\/a><\/td>\n<td style=\"width: 43.6482%;\">&nbsp;Le site des fondus de folk dans le Jura<\/td>\n<td>&nbsp;<\/td>\n<\/tr>\n<tr>\n<td style=\"width: 54.7231%;\"><a href=\"http:\/\/diathub.canalblog.com\/\">diathub.canalblog.com<\/a><\/td>\n<td style=\"width: 43.6482%;\">&nbsp;Blog d&rsquo;Hubert J\u00e9gard (cr\u00e9ations )<\/td>\n<td>&nbsp;<\/td>\n<\/tr>\n<tr>\n<td style=\"width: 54.7231%;\"><a href=\"http:\/\/diato-cours.net\/\">diato-cours.net<\/a>&nbsp;ngg_shortcode_1_placeholder<\/td>\n<td style=\"width: 43.6482%;\">Site de Paul Le Gall<\/td>\n<td>&nbsp;<\/td>\n<\/tr>\n<tr>\n<td style=\"width: 54.7231%;\"><a href=\"http:\/\/www.diatofiddle.com\/\">diatofiddle.com<\/a><\/td>\n<td style=\"width: 43.6482%;\">&nbsp;Site de Jean-Marc Siche<\/td>\n<td style=\"width: 1.62866%;\">&nbsp;<\/td>\n<\/tr>\n<tr>\n<td style=\"width: 54.7231%;\"><a href=\"http:\/\/diato.org\/\">diato.org<\/a><\/td>\n<td style=\"width: 43.6482%;\">&nbsp;site de Bernard Loffet<\/td>\n<td>&nbsp;<\/td>\n<\/tr>\n<tr>\n<td style=\"width: 54.7231%;\"><a href=\"http:\/\/folkadanse.free.fr\/\">folkadanse.free.fr<\/a><\/td>\n<td style=\"width: 43.6482%;\">&nbsp;Partitions et tablatures pour accord\u00e9on diatonique. Pour apprendre le diatonique avec&nbsp;<em>Claire Goujon<\/em><\/td>\n<td>&nbsp;<\/td>\n<\/tr>\n<tr>\n<td style=\"width: 54.7231%;\"><a href=\"http:\/\/gigouillette.free.fr\/\">gigouillette.free.fr<\/a><\/td>\n<td style=\"width: 43.6482%;\">&nbsp;Danses traditionnelles dans la r\u00e9gion d&rsquo;Annecy<\/td>\n<td>&nbsp;<\/td>\n<\/tr>\n<tr>\n<td style=\"width: 54.7231%;\"><a href=\"http:\/\/jm-lopez.com\/\">jm-lopez.com<\/a><\/td>\n<td style=\"width: 43.6482%;\">&nbsp;ngg_shortcode_2_placeholder site d\u00e9di\u00e9 \u00e0 la musique traditionnelle<\/td>\n<td>&nbsp;<\/td>\n<\/tr>\n<tr>\n<td style=\"width: 54.7231%;\"><a href=\"http:\/\/lesetournias.fr\/\">lesetournias.fr<\/a><\/td>\n<td style=\"width: 43.6482%;\">Groupe d&rsquo;art et tradition populaires \u00e0 proximit\u00e9 de La Rochelle<\/td>\n<td>&nbsp;<\/td>\n<\/tr>\n<tr>\n<td style=\"width: 54.7231%;\"><a href=\"http:\/\/www.mustradlib.net\/\">mustradlib.net<\/a><\/td>\n<td style=\"width: 43.6482%;\">&nbsp;<\/td>\n<td>&nbsp;<\/td>\n<\/tr>\n<tr>\n<td style=\"width: 54.7231%;\"><a href=\"http:\/\/www.organetto.info\/\">organetto.info<\/a><\/td>\n<td style=\"width: 43.6482%;\">&nbsp;Cours de diato<\/td>\n<td>&nbsp;<\/td>\n<\/tr>\n<tr>\n<td style=\"width: 54.7231%;\"><a href=\"http:\/\/www.perroches.com\/\">perroches.com<\/a><\/td>\n<td style=\"width: 43.6482%;\">Site de Yann-Fanch Perroches (tablatures + m\u00e9thode d\u2019apprentissage)<\/td>\n<td>&nbsp;<\/td>\n<\/tr>\n<\/tbody>\n<\/table>\n<div><span style=\"color: #000000; font-family: Verdana, Arial, Helvetica, sans-serif; font-size: 11px; font-style: normal; line-height: 17px;\">&nbsp;<\/span><\/div>\n","protected":false},"excerpt":{"rendered":"<p>accordeondiatonique.jimdo.com&nbsp; &nbsp;Association Soufflerie accord\u00e9on &nbsp; amuse.danse.free.fr &nbsp; &nbsp; ardiato.fr &nbsp;Association d&rsquo;accord\u00e9on diatonique \u00e0 Arradon &#8211; Morbihan &nbsp; www.breizh-music.bzh &nbsp;Cours de musique bretonne &nbsp; bretelle.tradfrance.com &nbsp;Le site des Pique-diatonistes d&rsquo;Alsace &nbsp; cancoillottefolk.com &nbsp;Le site des fondus de folk dans le Jura &hellip; <a href=\"https:\/\/www.moelan-a-vent.fr\/?page_id=1840\">Continuer la lecture <span class=\"meta-nav\">&rarr;<\/span><\/a><\/p>\n","protected":false},"author":9,"featured_media":7205,"parent":86,"menu_order":3,"comment_status":"closed","ping_status":"open","template":"","meta":{"ngg_post_thumbnail":0,"footnotes":""},"class_list":["post-1840","page","type-page","status-publish","has-post-thumbnail","hentry"],"_links":{"self":[{"href":"https:\/\/www.moelan-a-vent.fr\/index.php?rest_route=\/wp\/v2\/pages\/1840","targetHints":{"allow":["GET"]}}],"collection":[{"href":"https:\/\/www.moelan-a-vent.fr\/index.php?rest_route=\/wp\/v2\/pages"}],"about":[{"href":"https:\/\/www.moelan-a-vent.fr\/index.php?rest_route=\/wp\/v2\/types\/page"}],"author":[{"embeddable":true,"href":"https:\/\/www.moelan-a-vent.fr\/index.php?rest_route=\/wp\/v2\/users\/9"}],"replies":[{"embeddable":true,"href":"https:\/\/www.moelan-a-vent.fr\/index.php?rest_route=%2Fwp%2Fv2%2Fcomments&post=1840"}],"version-history":[{"count":62,"href":"https:\/\/www.moelan-a-vent.fr\/index.php?rest_route=\/wp\/v2\/pages\/1840\/revisions"}],"predecessor-version":[{"id":16952,"href":"https:\/\/www.moelan-a-vent.fr\/index.php?rest_route=\/wp\/v2\/pages\/1840\/revisions\/16952"}],"up":[{"embeddable":true,"href":"https:\/\/www.moelan-a-vent.fr\/index.php?rest_route=\/wp\/v2\/pages\/86"}],"wp:featuredmedia":[{"embeddable":true,"href":"https:\/\/www.moelan-a-vent.fr\/index.php?rest_route=\/wp\/v2\/media\/7205"}],"wp:attachment":[{"href":"https:\/\/www.moelan-a-vent.fr\/index.php?rest_route=%2Fwp%2Fv2%2Fmedia&parent=1840"}],"curies":[{"name":"wp","href":"https:\/\/api.w.org\/{rel}","templated":true}]}}