{"id":2484,"date":"2012-05-18T12:36:36","date_gmt":"2012-05-18T11:36:36","guid":{"rendered":"https:\/\/www.moelan-a-vent.fr\/?page_id=2484"},"modified":"2022-10-07T12:32:01","modified_gmt":"2022-10-07T10:32:01","slug":"mentions-legales","status":"publish","type":"page","link":"https:\/\/www.moelan-a-vent.fr\/?page_id=2484","title":{"rendered":"Mentions l\u00e9gales"},"content":{"rendered":"<h1>Editeur et Responsable de la publication<\/h1>\n<p>\u00ab\u00a0Mo\u00eblan \u00e0 vent\u00a0\u00bb<\/p>\n<p>Les propos tenus sur ce site ne repr\u00e9sentent que l\u2019opinion de leur auteur et n\u2019engagent pas les soci\u00e9t\u00e9s, entreprises ou collectifs auxquels il contribue ou dont il peut \u00eatre associ\u00e9 ou employ\u00e9.<\/p>\n<h1>H\u00e9bergement<\/h1>\n<h1>Donn\u00e9es personnelles<\/h1>\n<p>Aucune donn\u00e9e personnelle n&rsquo;est collect\u00e9e par le site \u00ab\u00a0Mo\u00eblan \u00e0 vent\u00a0\u00bb.<\/p>\n<p>Les donn\u00e9es non personnelles relatives \u00e0 vos informations de connexion ne sont collect\u00e9es que:<\/p>\n<ul>\n<li>dans le cadre des commentaires \u00e9ventuels du site;<\/li>\n<li>dans le cadre des statistiques de fr\u00e9quentation du site.<\/li>\n<\/ul>\n<h1>Limitation de responsabilit\u00e9<\/h1>\n<p>Ce site comporte des informations mises \u00e0 disposition par des liens hypertextes vers d\u2019autres sites qui n\u2019ont pas \u00e9t\u00e9 d\u00e9velopp\u00e9s par<br \/>\n\u00ab\u00a0Mo\u00eblan \u00e0 vent\u00a0\u00bb.<\/p>\n<p>Le contenu mis \u00e0 disposition sur le site est fourni \u00e0 titre informatif.<br \/>\nL\u2019existence d\u2019un lien de ce site vers un autre site ne constitue pas une validation de ce site ou de son contenu.<\/p>\n<p>Il appartient \u00e0 l\u2019internaute d\u2019utiliser ces informations avec discernement et esprit critique.<br \/>\nLa responsabilit\u00e9 de \u00ab\u00a0Mo\u00eblan \u00e0 vent\u00a0\u00bb ne saurait \u00eatre engag\u00e9e du fait des informations, opinions et recommandations formul\u00e9es par des tiers.<\/p>\n<h1>Licences, droits de reproduction<\/h1>\n<p>Sauf mention contraire explicite, les documents publi\u00e9s ou t\u00e9l\u00e9chargeables sur ce site, sont librement utilisables sous r\u00e9serve :<\/p>\n<ul>\n<li>de respect de leur paternit\u00e9. Vous devez citer le nom de l\u2019auteur original.<\/li>\n<li>d\u2019absence d\u2019utilisation commerciale. Vous n\u2019avez pas le droit d\u2019utiliser cette cr\u00e9ation \u00e0 des fins commerciales.<\/li>\n<li>de partage des conditions initiales \u00e0 l\u2019Identique. Si vous modifiez, transformez ou adaptez cette cr\u00e9ation, vous n\u2019avez le droit de distribuer la cr\u00e9ation qui en r\u00e9sulte que sous un contrat identique \u00e0 celui-ci.<\/li>\n<li>de reproduire \u00e0 chaque r\u00e9utilisation ou distribution, la mention de cette licence \u00e0 l\u2019identique.<\/li>\n<\/ul>\n<p>Le logiciel WordPress, quant \u00e0 lui est plac\u00e9 sous licence GPL.<\/p>\n","protected":false},"excerpt":{"rendered":"<p>Editeur et Responsable de la publication \u00ab\u00a0Mo\u00eblan \u00e0 vent\u00a0\u00bb Les propos tenus sur ce site ne repr\u00e9sentent que l\u2019opinion de leur auteur et n\u2019engagent pas les soci\u00e9t\u00e9s, entreprises ou collectifs auxquels il contribue ou dont il peut \u00eatre associ\u00e9 ou &hellip; <a href=\"https:\/\/www.moelan-a-vent.fr\/?page_id=2484\">Continuer la lecture <span class=\"meta-nav\">&rarr;<\/span><\/a><\/p>\n","protected":false},"author":9,"featured_media":2962,"parent":0,"menu_order":8,"comment_status":"closed","ping_status":"open","template":"","meta":{"ngg_post_thumbnail":0,"footnotes":""},"class_list":["post-2484","page","type-page","status-publish","has-post-thumbnail","hentry"],"_links":{"self":[{"href":"https:\/\/www.moelan-a-vent.fr\/index.php?rest_route=\/wp\/v2\/pages\/2484","targetHints":{"allow":["GET"]}}],"collection":[{"href":"https:\/\/www.moelan-a-vent.fr\/index.php?rest_route=\/wp\/v2\/pages"}],"about":[{"href":"https:\/\/www.moelan-a-vent.fr\/index.php?rest_route=\/wp\/v2\/types\/page"}],"author":[{"embeddable":true,"href":"https:\/\/www.moelan-a-vent.fr\/index.php?rest_route=\/wp\/v2\/users\/9"}],"replies":[{"embeddable":true,"href":"https:\/\/www.moelan-a-vent.fr\/index.php?rest_route=%2Fwp%2Fv2%2Fcomments&post=2484"}],"version-history":[{"count":12,"href":"https:\/\/www.moelan-a-vent.fr\/index.php?rest_route=\/wp\/v2\/pages\/2484\/revisions"}],"predecessor-version":[{"id":14438,"href":"https:\/\/www.moelan-a-vent.fr\/index.php?rest_route=\/wp\/v2\/pages\/2484\/revisions\/14438"}],"wp:featuredmedia":[{"embeddable":true,"href":"https:\/\/www.moelan-a-vent.fr\/index.php?rest_route=\/wp\/v2\/media\/2962"}],"wp:attachment":[{"href":"https:\/\/www.moelan-a-vent.fr\/index.php?rest_route=%2Fwp%2Fv2%2Fmedia&parent=2484"}],"curies":[{"name":"wp","href":"https:\/\/api.w.org\/{rel}","templated":true}]}}