{"id":2879,"date":"2012-08-02T16:42:59","date_gmt":"2012-08-02T15:42:59","guid":{"rendered":"https:\/\/www.moelan-a-vent.fr\/?page_id=2879"},"modified":"2017-11-06T19:03:17","modified_gmt":"2017-11-06T18:03:17","slug":"bourrees-2","status":"publish","type":"page","link":"https:\/\/www.moelan-a-vent.fr\/?page_id=2879","title":{"rendered":"Bourr\u00e9es"},"content":{"rendered":"<table border=\"\u201d1\u2033\" width=\"\u201d600\u2033\" cellspacing=\"\u201d0\u2033\" cellpadding=\"\u201d0\u2033\">\n<tbody>\n<tr>\n<td>&nbsp;<a href=\"https:\/\/www.moelan-a-vent.fr\/wp-content\/uploads\/2012\/02\/acrobat4.gif\"><img loading=\"lazy\" decoding=\"async\" class=\"alignnone size-full wp-image-1372\" title=\"pdf\" src=\"https:\/\/www.moelan-a-vent.fr\/wp-content\/uploads\/2012\/02\/acrobat4.gif\" alt=\"\" width=\"25\" height=\"25\"><\/a><\/td>\n<td>&nbsp;<a href=\"https:\/\/www.moelan-a-vent.fr\/wp-content\/uploads\/2012\/02\/pdf.gif\"><img loading=\"lazy\" decoding=\"async\" class=\"alignnone size-full wp-image-1371\" title=\"midi\" src=\"https:\/\/www.moelan-a-vent.fr\/wp-content\/uploads\/2012\/02\/pdf.gif\" alt=\"\" width=\"39\" height=\"15\"><\/a><\/td>\n<td>&nbsp;<a href=\"https:\/\/www.moelan-a-vent.fr\/wp-content\/uploads\/2012\/02\/tef.gif\"><img loading=\"lazy\" decoding=\"async\" class=\"alignnone size-full wp-image-1370\" title=\"tef\" src=\"https:\/\/www.moelan-a-vent.fr\/wp-content\/uploads\/2012\/02\/tef.gif\" alt=\"\" width=\"37\" height=\"31\"><\/a><\/td>\n<td>&nbsp;<\/td>\n<\/tr>\n<tr>\n<td><a href=\"https:\/\/www.moelan-a-vent.fr\/wp-content\/uploads\/2012\/02\/Bourr\u00e9e-1-GM1.pdf\">Bourr\u00e9e 1&nbsp;<\/a><\/td>\n<td><span style=\"color: #ffff99;\"><em><a href=\"https:\/\/www.moelan-a-vent.fr\/wp-content\/uploads\/2012\/03\/BOurr\u00e9e-1-GM-1.mid\"><span style=\"color: #ffff99;\">midi<\/span><\/a><\/em><\/span><\/td>\n<td><span style=\"color: #ffff99;\">&nbsp;<em><a href=\"https:\/\/www.moelan-a-vent.fr\/wp-content\/uploads\/2012\/02\/BOurr\u00e9e-1-GM.tef\"><span style=\"color: #ffff99;\">tef<\/span><\/a><\/em><\/span><\/td>\n<td>&nbsp;<\/td>\n<\/tr>\n<tr>\n<td><a href=\"https:\/\/www.moelan-a-vent.fr\/wp-content\/uploads\/2012\/02\/Bourr\u00e9e-2-GM1.pdf\">Bourr\u00e9e 2&nbsp;<\/a><\/td>\n<td><span style=\"color: #ffff99;\">&nbsp;<em><a href=\"https:\/\/www.moelan-a-vent.fr\/wp-content\/uploads\/2012\/03\/Bourr\u00e9e-2-GM1.mid\"><span style=\"color: #ffff99;\">midi<\/span><\/a><\/em><\/span><\/td>\n<td><span style=\"color: #ffff99;\">&nbsp;<em><a href=\"https:\/\/www.moelan-a-vent.fr\/wp-content\/uploads\/2012\/02\/Bourr\u00e9e-2-GM1.tef\"><span style=\"color: #ffff99;\">tef<\/span><\/a><\/em><\/span><\/td>\n<td>&nbsp;<\/td>\n<\/tr>\n<tr>\n<td><a href=\"https:\/\/www.moelan-a-vent.fr\/wp-content\/uploads\/2012\/08\/Bourr\u00e9e-\u00e0-Malochet-GM.pdf\" rel=\"\">Bourr\u00e9e \u00e0 Malochet<\/a>&nbsp;<\/td>\n<td><em><a href=\"https:\/\/www.moelan-a-vent.fr\/wp-content\/uploads\/2012\/08\/Bourr\u00e9e-\u00e0-Malochet-GM.mid\">midi<\/a><\/em><\/td>\n<td><em><a href=\"https:\/\/www.moelan-a-vent.fr\/wp-content\/uploads\/2012\/08\/Bourr\u00e9e-\u00e0-Malochet-GM.tef\" rel=\"\">tef<\/a><\/em><\/td>\n<\/tr>\n<tr>\n<td><a href=\"https:\/\/www.moelan-a-vent.fr\/wp-content\/uploads\/2012\/08\/Bourr\u00e9e-Crotzada-GM.pdf\">Bourr\u00e9e Crotzada <\/a><\/td>\n<td><em>&nbsp;<a href=\"https:\/\/www.moelan-a-vent.fr\/wp-content\/uploads\/2012\/08\/Bourr\u00e9e-Crotzada-GM.mid\">midi<\/a><\/em><\/td>\n<td><em>&nbsp;<a href=\"https:\/\/www.moelan-a-vent.fr\/wp-content\/uploads\/2012\/08\/Bourr\u00e9e-Crotzada-GM.tef\">tef<\/a><\/em><\/td>\n<\/tr>\n<tr>\n<td><a href=\"https:\/\/www.moelan-a-vent.fr\/wp-content\/uploads\/2012\/08\/Bourr\u00e9e-de-la-Ch\u00e2tre-GM.pdf\" rel=\"\">Bourr\u00e9e de la Ch\u00e2tre<\/a>&nbsp;<\/td>\n<td><em><a href=\"https:\/\/www.moelan-a-vent.fr\/wp-content\/uploads\/2012\/08\/Bourr\u00e9e-de-La-Ch\u00e2tre-GM.mid\">midi<\/a><\/em><\/td>\n<td><em><a href=\"https:\/\/www.moelan-a-vent.fr\/wp-content\/uploads\/2012\/08\/Bourr\u00e9e-de-La-Ch\u00e2tre-GM.tef\" rel=\"\">tef<\/a><\/em><\/td>\n<\/tr>\n<tr>\n<td><a href=\"https:\/\/www.moelan-a-vent.fr\/wp-content\/uploads\/2012\/08\/Bourr\u00e9e-des-grandes-poteries-GM.pdf\">Bourr\u00e9e des grandes poteries <\/a><\/td>\n<td>&nbsp;<em><a href=\"https:\/\/www.moelan-a-vent.fr\/wp-content\/uploads\/2012\/08\/Bourr\u00e9e-des-grandes-poteries-GM.mid\">midi<\/a><\/em><\/td>\n<td><em>&nbsp;<a href=\"https:\/\/www.moelan-a-vent.fr\/wp-content\/uploads\/2012\/08\/Bourr\u00e9e-des-grandes-poteries-GM.tef\">tef<\/a><\/em><\/td>\n<\/tr>\n<tr>\n<td><a href=\"https:\/\/www.moelan-a-vent.fr\/wp-content\/uploads\/2012\/08\/Bourr\u00e9e-droite-du-Morvan-GM.pdf\" rel=\"\">Bourr\u00e9e droite du Morvan<\/a>&nbsp;<\/td>\n<td><em><a href=\"https:\/\/www.moelan-a-vent.fr\/wp-content\/uploads\/2012\/08\/Bourr\u00e9e-droite-du-Morvan-GM.mid\">midi<\/a><\/em><\/td>\n<td><em><a href=\"https:\/\/www.moelan-a-vent.fr\/wp-content\/uploads\/2012\/08\/Bourr\u00e9e-droite-du-Morvan-GM.tef\" rel=\"\">tef<\/a><\/em><\/td>\n<\/tr>\n<tr>\n<td><a href=\"https:\/\/www.moelan-a-vent.fr\/wp-content\/uploads\/2012\/08\/Bourr\u00e9e-valse-dIssoudun-GM.pdf\">Bourr\u00e9e-valse d&rsquo;Issoudun&nbsp;<\/a><a href=\"https:\/\/www.moelan-a-vent.fr\/wp-content\/uploads\/2012\/03\/nouveau4.jpg\" rel=\"attachment wp-att-6455\"><br \/>\n<\/a><\/td>\n<td><em>&nbsp;<a href=\"https:\/\/www.moelan-a-vent.fr\/wp-content\/uploads\/2012\/08\/Bourr\u00e9e-valse-dIssoudun-GM1.mid\">midi<\/a><\/em><\/td>\n<td><em>&nbsp;<a href=\"https:\/\/www.moelan-a-vent.fr\/wp-content\/uploads\/2012\/08\/Bourr\u00e9e-valse-dIssoudun-GM1.tef\">tef<\/a><a href=\"https:\/\/www.moelan-a-vent.fr\/wp-content\/uploads\/2012\/08\/Bourr\u00e9e-valse-dIssoudun-GM.tef\"><br \/>\n<\/a><\/em><\/td>\n<\/tr>\n<tr>\n<td>&nbsp;<\/td>\n<td>&nbsp;<\/td>\n<td>&nbsp;<\/td>\n<\/tr>\n<\/tbody>\n<\/table>\n","protected":false},"excerpt":{"rendered":"<p>&nbsp; &nbsp; &nbsp; &nbsp; Bourr\u00e9e 1&nbsp; midi &nbsp;tef &nbsp; Bourr\u00e9e 2&nbsp; &nbsp;midi &nbsp;tef &nbsp; Bourr\u00e9e \u00e0 Malochet&nbsp; midi tef Bourr\u00e9e Crotzada &nbsp;midi &nbsp;tef Bourr\u00e9e de la Ch\u00e2tre&nbsp; midi tef Bourr\u00e9e des grandes poteries &nbsp;midi &nbsp;tef Bourr\u00e9e droite du Morvan&nbsp; midi &hellip; <a href=\"https:\/\/www.moelan-a-vent.fr\/?page_id=2879\">Continuer la lecture <span class=\"meta-nav\">&rarr;<\/span><\/a><\/p>\n","protected":false},"author":9,"featured_media":8887,"parent":1633,"menu_order":1,"comment_status":"closed","ping_status":"open","template":"","meta":{"ngg_post_thumbnail":0,"footnotes":""},"class_list":["post-2879","page","type-page","status-publish","has-post-thumbnail","hentry"],"_links":{"self":[{"href":"https:\/\/www.moelan-a-vent.fr\/index.php?rest_route=\/wp\/v2\/pages\/2879","targetHints":{"allow":["GET"]}}],"collection":[{"href":"https:\/\/www.moelan-a-vent.fr\/index.php?rest_route=\/wp\/v2\/pages"}],"about":[{"href":"https:\/\/www.moelan-a-vent.fr\/index.php?rest_route=\/wp\/v2\/types\/page"}],"author":[{"embeddable":true,"href":"https:\/\/www.moelan-a-vent.fr\/index.php?rest_route=\/wp\/v2\/users\/9"}],"replies":[{"embeddable":true,"href":"https:\/\/www.moelan-a-vent.fr\/index.php?rest_route=%2Fwp%2Fv2%2Fcomments&post=2879"}],"version-history":[{"count":19,"href":"https:\/\/www.moelan-a-vent.fr\/index.php?rest_route=\/wp\/v2\/pages\/2879\/revisions"}],"predecessor-version":[{"id":10475,"href":"https:\/\/www.moelan-a-vent.fr\/index.php?rest_route=\/wp\/v2\/pages\/2879\/revisions\/10475"}],"up":[{"embeddable":true,"href":"https:\/\/www.moelan-a-vent.fr\/index.php?rest_route=\/wp\/v2\/pages\/1633"}],"wp:featuredmedia":[{"embeddable":true,"href":"https:\/\/www.moelan-a-vent.fr\/index.php?rest_route=\/wp\/v2\/media\/8887"}],"wp:attachment":[{"href":"https:\/\/www.moelan-a-vent.fr\/index.php?rest_route=%2Fwp%2Fv2%2Fmedia&parent=2879"}],"curies":[{"name":"wp","href":"https:\/\/api.w.org\/{rel}","templated":true}]}}