{"id":6725,"date":"2015-01-09T18:42:02","date_gmt":"2015-01-09T17:42:02","guid":{"rendered":"https:\/\/www.moelan-a-vent.fr\/?page_id=6725"},"modified":"2024-02-24T09:00:46","modified_gmt":"2024-02-24T08:00:46","slug":"janvier-decembre-2015","status":"publish","type":"page","link":"https:\/\/www.moelan-a-vent.fr\/?page_id=6725","title":{"rendered":"Janvier-d\u00e9cembre 2015"},"content":{"rendered":"<div><span style=\"color: #33cccc;\"><strong>Dimanche 20 d\u00e9cembre<\/strong><\/span> :&nbsp;animation du march\u00e9 de No\u00ebl organis\u00e9 par les FLEURS D\u2019AJONC de Pont-Aven<\/div>\n<div><strong><span style=\"color: #33cccc;\">Vendredi 18 d\u00e9cembre<\/span> : <\/strong>animation \u00e0 l\u2019accueil de jour Alzheimer Ti an heol de Mo\u00eblan.<\/div>\n<div><strong><span style=\"color: #33cccc;\">Mardi 15 d\u00e9cembre<\/span> &nbsp;<\/strong>\u00e0 20 H 30 animation par le groupe TRAD de la soir\u00e9e danses-loisirs \u00e0 GUIDEL.<strong><br \/>\n<\/strong><strong><span style=\"color: #33cccc;\">Mardi 8 d\u00e9cembre<\/span>: <\/strong>animation \u00e0 la maison de retraite AVEL MOR de Concarneau<strong>.<br \/>\n<\/strong><span style=\"color: #33cccc;\"><strong>Mardi 1er d\u00e9cembre<\/strong><\/span> : animation \u00e0 la maison de retraite de Mo\u00eblan-Sur-Mer.<br \/>\n<span style=\"color: #33cccc;\"><strong>Dimanche 29 novembre<\/strong><\/span> : animation par le groupe TRAD du fest-deiz dans le cadre du T\u00e9l\u00e9thon \u00e0 N\u00e9vez.<br \/>\n<strong><span style=\"color: #33cccc;\">Samedi 28 novembre<\/span> <\/strong>: animation par le groupe TRAD du fest-noz dans le cadre du T\u00e9l\u00e9thon \u00e0 Riec-sur-Belon<br \/>\n<span style=\"color: #33cccc;\"><strong>Mardi 10 novembre<\/strong><\/span> : animation par le groupe TRAD de la soir\u00e9e danses-loisirs \u00e0 Pont-Aven.<br \/>\n<span style=\"color: #33cccc;\"><strong>Jeudi 29 octobre<\/strong><\/span> : stage avec Yvon Hervo<br \/>\n<span style=\"color: #33cccc;\"><strong>Lundi 26 octobre<\/strong><\/span>&nbsp;: animation par le groupe TRAD de la soir\u00e9e danse-loisirs \u00e0 BAYE<br \/>\n<span style=\"color: #33cccc;\"><strong>Vendredi 23 octobre<\/strong><\/span> : soir\u00e9e rencontre musicale \u00e0 la MLC avec les diatonistes de Pont-Aven (<em>Courant d&rsquo;air<\/em>), Mellac (<em>Mell&rsquo;accord\u00e9on<\/em>), Plouay (<em>Kas-a-Barh<\/em>), Qu\u00e9ven (<i>Courants d&rsquo;airs)<img loading=\"lazy\" decoding=\"async\" class=\"aligncenter size-full wp-image-7490\" src=\"https:\/\/www.moelan-a-vent.fr\/wp-content\/uploads\/2015\/01\/20151023_233040.jpg\" alt=\"20151023_233040\" width=\"2048\" height=\"1536\"><br \/>\n<\/i><strong><span style=\"color: #33cccc;\">26 septembre au 10 octobre<\/span><\/strong> : C&rsquo;est &nbsp;le \u00ab\u00a0Boest an Diaoul\u00a0\u00bb &nbsp; !<br \/>\n<a href=\"http:\/\/www.boestandiaoul.org\/web\/\">http:\/\/www.boestandiaoul.org\/web\/<br \/>\n<\/a><a href=\"http:\/\/www.letelegramme.fr\/finistere\/quimperle\/le-diable-dans-la-boite-une-belle-emulsion-29-09-2015-10792442.php\">la soir\u00e9e \u00ab\u00a0Garages\u00a0\u00bb du samedi 26 septembre (le \u00ab\u00a0T\u00e9l\u00e9gramme\u00a0\u00bb du 29\/09)<br \/>\n<\/a><span style=\"color: #33cccc;\"><strong>Dimanche 20 septembre<\/strong><\/span> : d\u00e9placement \u00e0 Plou\u00e9dern, \u00e0 l&rsquo;invitation de &nbsp;<a href=\"https:\/\/sites.google.com\/site\/diatonikpennarbed\/\">\u00ab\u00a0Diatonik Penn ar Bed\u00a0\u00bb<\/a>, pour c\u00e9l\u00e9brer leurs 20 ans.<br \/>\n<a href=\"http:\/\/www.letelegramme.fr\/finistere\/plouedern\/diatonik-penn-ar-bed-vingt-ans-de-musique-26-09-2015-10788683.php\">article du \u00ab\u00a0T\u00e9l\u00e9gramme\u00a0\u00bb du &nbsp;26 septembre<\/a><\/div>\n<div><strong><span style=\"color: #33cccc;\">Jeudi 20 ao\u00fbt<\/span><\/strong>&nbsp;: animation au camping Le Kergariou de Clohars.<\/div>\n<div><strong><span style=\"color: #33cccc;\">Mercredi 19 ao\u00fbt<\/span><\/strong> : animation au camping de la grande lande de Mo\u00eblan.<\/div>\n<div><strong><span style=\"color: #33cccc;\">Jeudi 13 ao\u00fbt<\/span><\/strong><span style=\"color: #33cccc;\">t<\/span> : animation au camping Le Kergariou de Clohars.<\/div>\n<div><span style=\"color: #33cccc;\"><strong>Jeudi 6 ao\u00fbt<\/strong> <\/span>: animation au camping Le Kergariou de Clohars<\/div>\n<div><strong><span style=\"color: #33cccc;\">Mercredi 5 ao\u00fbt<\/span><\/strong> : animation danses bretonnes au camping de la grande lande \u00e0 Mo\u00eblan.<\/div>\n<div><span style=\"color: #33cccc;\"><strong>Samedi 1er ao\u00fbt<\/strong><\/span> : animation pour le vernissage de l\u2019exposition pr\u00e9sent\u00e9e par l\u2019association des plaisanciers du B\u00e9lon.<\/div>\n<div><strong><span style=\"color: #33cccc;\">Jeudi 30 juillet<\/span><\/strong> : fest-noz \u00e0 Brigneau pour la f\u00eate du port.<\/div>\n<div><strong><span style=\"color: #33cccc;\">Mercredi 29 juillet<\/span><\/strong> : animation danses bretonnes au camping de la grande lande de Mo\u00eblan.<\/div>\n<div><span style=\"color: #33cccc;\"><strong>Jeudi 23 juillet<\/strong><\/span> : animation au camping Le Kergariou de Clohars.<\/div>\n<div><span style=\"color: #33cccc;\"><strong>Mercredi 22 juillet<\/strong><\/span> : animation danses bretonnes au camping de la grande lande de Mo\u00eblan.<\/div>\n<div><span style=\"color: #33cccc;\"><strong>Jeudi 16 juillet<\/strong><\/span> : animation au camping Le Kergariou de Clohars.<\/div>\n<div><span style=\"color: #33cccc;\"><strong>Jeudi 16 juillet<\/strong> <\/span>: animation de la balade musicale de l&rsquo;association Dre Ar Vinojenn, Clohars<\/div>\n<div>\n<div id=\"attachment_7215\" style=\"width: 330px\" class=\"wp-caption aligncenter\"><img loading=\"lazy\" decoding=\"async\" aria-describedby=\"caption-attachment-7215\" class=\"size-full wp-image-7215\" src=\"https:\/\/www.moelan-a-vent.fr\/wp-content\/uploads\/2015\/01\/Moelan-\u00e0-vent.jpg\" alt=\"Balade musicale 16 juillet 2015\" width=\"320\" height=\"240\"><p id=\"caption-attachment-7215\" class=\"wp-caption-text\">Balade musicale 16 juillet 2015<\/p><\/div>\n<\/div>\n<div><span style=\"color: #33cccc;\"><strong>Mercredi 15 juillet<\/strong> <\/span>: animation danses bretonnes au camping de la grande lande de Mo\u00eblan.<\/div>\n<div><strong><span style=\"color: #33cccc;\">Samedi 11 juillet<\/span><\/strong> : animation pour le vernissage de l\u2019exposition pr\u00e9sent\u00e9e par l\u2019association des plaisanciers du B\u00e9lon.<\/div>\n<div><span style=\"color: #33cccc;\"><strong>Samedi 11 juillet<\/strong><\/span> :&nbsp;animation par le groupe TRAD d\u2019un repas de mariage \u00e0 Kerfany<\/div>\n<div>\n<div><strong><span style=\"color: #33cccc;\">Jeudi 9 juillet<\/span> : <\/strong>animation de la soir\u00e9e au camping Le Kergariou de Clohars.<\/div>\n<\/div>\n<div>\n<div><strong><span style=\"color: #33cccc;\">Mercredi 8 juillet<\/span> : <\/strong>animation repas-cr\u00eapes au camping de la grande lande de Mo\u00eblan.<\/div>\n<\/div>\n<div><strong><span style=\"color: #33cccc;\">Jeudi 2 juillet<\/span> :&nbsp;<\/strong>animation au domaine de Beg Porz<\/div>\n<div>\n<div>\n<p><strong><span style=\"color: #33cccc;\">Mardi 30 juin<\/span><\/strong> : notre f\u00eate de fin de saison sur le port du B\u00e9lon avec repas au domaine de Beg Porz.&nbsp;<a href=\"http:\/\/www.ouest-france.fr\/fin-de-saison-en-musique-pour-les-accordeonistes-3540537\">fin de saison&nbsp;(article \u00ab\u00a0Ouest-France\u00a0\u00bb)<\/a><\/p>\n<div id=\"attachment_7209\" style=\"width: 367px\" class=\"wp-caption aligncenter\"><img loading=\"lazy\" decoding=\"async\" aria-describedby=\"caption-attachment-7209\" class=\" wp-image-7209\" src=\"https:\/\/www.moelan-a-vent.fr\/wp-content\/uploads\/2015\/01\/fin-saison.png\" alt=\"photo OF\" width=\"357\" height=\"205\" srcset=\"https:\/\/www.moelan-a-vent.fr\/wp-content\/uploads\/2015\/01\/fin-saison.png 642w, https:\/\/www.moelan-a-vent.fr\/wp-content\/uploads\/2015\/01\/fin-saison-300x172.png 300w, https:\/\/www.moelan-a-vent.fr\/wp-content\/uploads\/2015\/01\/fin-saison-500x287.png 500w\" sizes=\"auto, (max-width: 357px) 100vw, 357px\" \/><p id=\"caption-attachment-7209\" class=\"wp-caption-text\">photo OF<\/p><\/div>\n<\/div>\n<\/div>\n<div><span style=\"color: #33cccc;\"><strong>Vendredi 26 juin<\/strong><\/span> : animation de la f\u00eate de la musique \u00e0 Arzano.<\/div>\n<div><span style=\"color: #33cccc;\"><strong>Vendredi 26 juin<\/strong><\/span> : animation \u00e0 la cr\u00eache municipale Oc\u00e9ane<\/div>\n<div>\n<div><strong><span style=\"color: #33cccc;\">Mercredi 24 juin<\/span> : <\/strong>animation au domaine de Beg Porz<\/div>\n<\/div>\n<div>\n<div><span style=\"color: #33cccc;\"><strong>Mardi 23 juin<\/strong><\/span> : animation de la f\u00eate de la musique \u00e0 la maison de retraite de Bois Joly \u00e0 Quimperl\u00e9.<\/div>\n<\/div>\n<div><strong><span style=\"color: #33cccc;\">Samedi 20 juin<\/span><\/strong> : f\u00eate de la musique ( concert \u00e0 l &lsquo;\u00e9glise &nbsp;et fest-noz \u00e0 Brigneau ).<\/div>\n<div>\n<div><strong><span style=\"color: #33cccc;\">Vendredi 19 juin<\/span> : <\/strong>animation par le groupe TRAD du repas de l\u2019Amicale La\u00efque \u00e0 l\u2019Ellipse.<\/div>\n<div><strong><span style=\"color: #33cccc;\">Vendredi 19 juin<\/span> : <\/strong>rencontre musicale au manoir de Kernaut \u00e0 l\u2019invitation de Mell\u2019accord\u00e9ons.<\/div>\n<div><span style=\"color: #33cccc;\"><strong>Dimanche 14 juin<\/strong><\/span> : apr\u00e8s-midi : animation du festival \u00ab\u00a0R\u00eaves d&rsquo;Oc\u00e9an\u00a0\u00bb \u00e0 Do\u00eblan<\/div>\n<\/div>\n<div>\n<div><strong><span style=\"color: #33cccc;\">Jeudi 4 juin<\/span><\/strong> : animation au domaine de Beg Porz<\/div>\n<div><span style=\"color: #33cccc;\"><strong>Mercredi 3 juin<\/strong><\/span> : animation \u00e0 la maison de retraite de Mo\u00eblan<\/div>\n<div><span style=\"color: #33cccc;\"><strong>Lundi 1er juin<\/strong><\/span> : animation par le groupe TRAD de la soir\u00e9e danses-loisirs \u00e0 Baye.<\/div>\n<\/div>\n<div><span style=\"color: #33cccc;\"><strong>Dimanche 31 mai<\/strong><\/span> : animation du trail organis\u00e9 par l\u2019association COURIR A MOELAN<\/div>\n<div><span style=\"color: #33cccc;\"><strong>Vendredi 29 mai<\/strong><\/span> : animation au domaine de Beg Porz<\/div>\n<div><span style=\"color: #33cccc;\"><strong>Jeudi 21 mai&nbsp;<\/strong><\/span>: rencontre musicale \u00e0 Plouay chez nos amis de KAS A BARH<\/div>\n<div><strong><span style=\"color: #33cccc;\">Jeudi 21 mai<\/span><\/strong> : animation au domaine de Beg Porz<\/div>\n<div><span style=\"color: #33cccc;\"><strong>Mardi 19 mai&nbsp;<\/strong><\/span>: animation par le groupe TRAD de la soir\u00e9e danses-loisirs \u00e0 Riec-sur-Belon.<\/div>\n<div>\n<div><strong><span style=\"color: #33cccc;\">Jeudi 14 mai<\/span> : <\/strong>animation au domaine de Beg Porz<\/div>\n<\/div>\n<div><span style=\"color: #33cccc;\"><strong>Jeudi 7 mai<\/strong><\/span> : animation du repas fruits de mer au village-vacances de Beg-Porz\/Kerfany<\/div>\n<div><span style=\"color: #33cccc;\"><strong>Samedi 18 avril<\/strong><\/span> : animation du stage de danses traditionnelles avec&nbsp;<a href=\"http:\/\/www.ouest-france.fr\/les-danseurs-de-lagadenn-toujours-au-rendez-vous-3349452\">Lagadenn<\/a><\/div>\n<div><strong><span style=\"color: #33cccc;\">Mardi 7 avril \u00e0 20 H 30<\/span> : <\/strong>animation par le groupe TRAD de la soir\u00e9e danses-loisirs \u00e0 Guidel.<\/div>\n<div><span style=\"color: #33cccc;\"><strong>Vendredi 3 avril<\/strong><\/span> : fest-noz \u00e0 l&rsquo;Ellipse<\/div>\n<div><span style=\"color: #33cccc;\"><strong>Vendredi 27 mars :<\/strong><\/span> rencontre musicale avec les groupes de Mellac, Pont-Aven, Plouay et Ergu\u00e9-Gab\u00e9ric<\/div>\n<div>\n<div id=\"attachment_7033\" style=\"width: 458px\" class=\"wp-caption aligncenter\"><img loading=\"lazy\" decoding=\"async\" aria-describedby=\"caption-attachment-7033\" class=\"size-full wp-image-7033\" src=\"https:\/\/www.moelan-a-vent.fr\/wp-content\/uploads\/2015\/01\/Rencontre_27_mars_2015.jpg\" alt=\"Rencontre_27_mars_2015\" width=\"448\" height=\"220\"><p id=\"caption-attachment-7033\" class=\"wp-caption-text\">Rencontre_27_mars_2015<\/p><\/div>\n<\/div>\n<div><span style=\"color: #33cccc;\"><strong>mardi 24 mars :<\/strong><\/span><\/div>\n<div>\n<div id=\"attachment_7029\" style=\"width: 458px\" class=\"wp-caption aligncenter\"><img loading=\"lazy\" decoding=\"async\" aria-describedby=\"caption-attachment-7029\" class=\"size-full wp-image-7029\" src=\"https:\/\/www.moelan-a-vent.fr\/wp-content\/uploads\/2015\/01\/Le-T\u00e9l\u00e9gramme-.jpg\" alt=\"Danse loisirs \u00e0 Pont-Aven, photo &quot;le T\u00e9l\u00e9gramme&quot;\" width=\"448\" height=\"220\"><p id=\"caption-attachment-7029\" class=\"wp-caption-text\">Danse loisirs \u00e0 Pont-Aven, photo \u00ab\u00a0le T\u00e9l\u00e9gramme\u00a0\u00bb<\/p><\/div>\n<\/div>\n<div><strong><span style=\"color: #33cccc;\"> samedi 14 mars<\/span> <\/strong>de 18 H \u00e0 20 H : animation par le groupe TRAD au bar AVEL MAD de Brigneau dans le cadre de la Saint-Patrick<\/div>\n<div><span style=\"color: #33cccc;\"><strong>lundi 9 mars :<\/strong><\/span> fest-noz vihan des MOELAN A VENT \u00e0 la MLC<\/div>\n<div><strong><span style=\"color: #33cccc;\">mardi 3 mars<\/span> : <\/strong>&nbsp;14 H animation \u00e0 la maison de retraite de Pont-Aven.<\/div>\n<div>\n<div><strong><span style=\"color: #33cccc;\"> vendredi 27 f\u00e9vrier<\/span>&nbsp;:<\/strong> animation par le groupe TRAD de la soir\u00e9e danses-loisirs \u00e0 N\u00e9vez<\/div>\n<div><strong><span style=\"color: #33cccc;\">mardi 17 f\u00e9vrier<\/span> :<\/strong> animation de rue pour le d\u00e9fil\u00e9 du mardi-gras \u00e0 Mo\u00eblan.<\/div>\n<div><a href=\"https:\/\/www.moelan-a-vent.fr\/wp-content\/uploads\/2015\/02\/Le-T\u00e9l\u00e9gramme.doc\">Le T\u00e9l\u00e9gramme<\/a>&nbsp;du 18 f\u00e9vrier<\/div>\n<\/div>\n<div><strong><span style=\"color: #33cccc;\">mercredi 11 f\u00e9vrier<\/span> : <\/strong>animation par le groupe TRAD de la soir\u00e9e-danses&nbsp; \u00e0 Concarneau-Lanriec de l\u2019association ACCUEIL VILLES DE FRANCE ( AVF )<\/div>\n<div><strong><span style=\"color: #33cccc;\">dimanche 1er f\u00e9vrier<\/span><\/strong> animation par le groupe TRAD du fest-deiz de la Chandeleur organis\u00e9 \u00e0 GOURIN par le cercle DEUZ BRO AR MEN GLAS<\/div>\n<div><strong><span style=\"color: #33cccc;\">vendredi 30 janvier<\/span><\/strong> \u00e0 20 H 30: soir\u00e9e-rencontre musicale \u00e0 l\u2019invitation de MELL\u2019ACCORDEON \u00e0 MELLAC.<\/div>\n<div>\u00ab\u00a0<a href=\"https:\/\/www.moelan-a-vent.fr\/wp-content\/uploads\/2015\/01\/Le-T\u00e9l\u00e9gramme.pdf\">Le T\u00e9l\u00e9gramme\u00a0\u00bb , du 02 f\u00e9vrier<\/a><\/div>\n<p><!--more--><\/p>\n<div><strong><span style=\"color: #33cccc;\">vendredi 23 janvier<\/span> : <\/strong>animation par le groupe TRAD de la soir\u00e9e danses\/galette organis\u00e9e par l\u2019association DANSAL GWENER NOZ&nbsp;\u00e0 Locunol\u00e9.<\/div>\n<div>\u00ab\u00a0<a href=\"https:\/\/www.moelan-a-vent.fr\/wp-content\/uploads\/2015\/01\/Locunol\u00e9.pdf\">Le T\u00e9l\u00e9gramme \u00a0\u00bb du 26 janvier 2015<\/a><\/div>\n<div><strong><span style=\"color: #33cccc;\">mardi 20 janvier<\/span><\/strong>: 14h 45 : animation \u00e0 la maison de retraite de GUIDEL.<br \/>\n<span style=\"color: #33cccc;\"><strong>jeudi 8 janvier<\/strong><\/span>: animation par le groupe TRAD de la soir\u00e9e galette-danses organis\u00e9e par l\u2019association LAGADENN \u00e0 la MLC de MOELAN.<\/div>\n<div>&nbsp;<\/div>\n[audio:https:\/\/www.moelan-a-vent.fr\/wp-content\/uploads\/2015\/01\/Guarda-la-Luna_1-Copie.mp3|artists=Mo\u00eblan \u00e0 vent|titles=Guarda la Luna|autostart=yes|loop=yes]\n<p>]<\/p>\n","protected":false},"excerpt":{"rendered":"<p>Dimanche 20 d\u00e9cembre :&nbsp;animation du march\u00e9 de No\u00ebl organis\u00e9 par les FLEURS D\u2019AJONC de Pont-Aven Vendredi 18 d\u00e9cembre : animation \u00e0 l\u2019accueil de jour Alzheimer Ti an heol de Mo\u00eblan. Mardi 15 d\u00e9cembre &nbsp;\u00e0 20 H 30 animation par le &hellip; <a href=\"https:\/\/www.moelan-a-vent.fr\/?page_id=6725\">Continuer la lecture <span class=\"meta-nav\">&rarr;<\/span><\/a><\/p>\n","protected":false},"author":9,"featured_media":7007,"parent":23,"menu_order":17,"comment_status":"closed","ping_status":"open","template":"","meta":{"ngg_post_thumbnail":0,"footnotes":""},"class_list":["post-6725","page","type-page","status-publish","has-post-thumbnail","hentry"],"_links":{"self":[{"href":"https:\/\/www.moelan-a-vent.fr\/index.php?rest_route=\/wp\/v2\/pages\/6725","targetHints":{"allow":["GET"]}}],"collection":[{"href":"https:\/\/www.moelan-a-vent.fr\/index.php?rest_route=\/wp\/v2\/pages"}],"about":[{"href":"https:\/\/www.moelan-a-vent.fr\/index.php?rest_route=\/wp\/v2\/types\/page"}],"author":[{"embeddable":true,"href":"https:\/\/www.moelan-a-vent.fr\/index.php?rest_route=\/wp\/v2\/users\/9"}],"replies":[{"embeddable":true,"href":"https:\/\/www.moelan-a-vent.fr\/index.php?rest_route=%2Fwp%2Fv2%2Fcomments&post=6725"}],"version-history":[{"count":60,"href":"https:\/\/www.moelan-a-vent.fr\/index.php?rest_route=\/wp\/v2\/pages\/6725\/revisions"}],"predecessor-version":[{"id":15838,"href":"https:\/\/www.moelan-a-vent.fr\/index.php?rest_route=\/wp\/v2\/pages\/6725\/revisions\/15838"}],"up":[{"embeddable":true,"href":"https:\/\/www.moelan-a-vent.fr\/index.php?rest_route=\/wp\/v2\/pages\/23"}],"wp:featuredmedia":[{"embeddable":true,"href":"https:\/\/www.moelan-a-vent.fr\/index.php?rest_route=\/wp\/v2\/media\/7007"}],"wp:attachment":[{"href":"https:\/\/www.moelan-a-vent.fr\/index.php?rest_route=%2Fwp%2Fv2%2Fmedia&parent=6725"}],"curies":[{"name":"wp","href":"https:\/\/api.w.org\/{rel}","templated":true}]}}