{"id":7854,"date":"2016-01-08T15:01:13","date_gmt":"2016-01-08T14:01:13","guid":{"rendered":"https:\/\/www.moelan-a-vent.fr\/?page_id=7854"},"modified":"2024-02-24T09:01:02","modified_gmt":"2024-02-24T08:01:02","slug":"janvier-decembre-2016","status":"publish","type":"page","link":"https:\/\/www.moelan-a-vent.fr\/?page_id=7854","title":{"rendered":"Janvier-d\u00e9cembre 2016"},"content":{"rendered":"<div>&nbsp;<\/div>\n<div><span style=\"color: #33cccc;\"><strong>Mardi 13 d\u00e9cembre<\/strong><\/span> : animation par le groupe trad&rsquo; de la soir\u00e9e \u00ab\u00a0danses-loisirs\u00a0\u00bb \u00e0&nbsp;Guidel<\/div>\n<div><span style=\"color: #33cccc;\"><strong>Samedi 3 d\u00e9cembre<\/strong><\/span> : animation dans le cadre du T\u00e9l\u00e9thon de Mo\u00eblan : initiation aux danses bretonnes<\/div>\n<div><span style=\"color: #33cccc;\"><strong>Dimanche 27 novembre<\/strong><\/span> : animation par le groupe TRAD du fest-deiz dans le cadre du T\u00e9l\u00e9thon \u00e0 N\u00e9vez<\/div>\n<div><span style=\"color: #33cccc;\"><strong>Samedi 19 novembre<\/strong><\/span> : animation par le groupe trad&rsquo; du fest-noz de Riec dans le cadre du T\u00e9l\u00e9thon<\/div>\n<div><a href=\"https:\/\/www.moelan-a-vent.fr\/wp-content\/uploads\/2016\/01\/Le-T\u00e9l\u00e9gramme-21-novembre-2016.pdf\"><em>Le T\u00e9l\u00e9gramme<\/em>-21 novembre 2016<\/a><\/div>\n<div><span style=\"color: #33cccc;\"><strong>Samedi 12 novembre<\/strong><\/span> : animation par le groupe TRAD dans le cadre du 70\u00e8me anniversaire de l&rsquo;Amicale la\u00efque du bourg de Mo\u00eblan.<\/div>\n<div><span style=\"color: #33cccc;\"><strong>Mercredi 9 novembre<\/strong><\/span> : animation au centre de jour Ti ma bro \u00e0 Querrien<\/div>\n<div><span style=\"color: #33cccc;\"><strong>Vendredi 4&nbsp;novembre<\/strong><\/span>&nbsp;: soir\u00e9e rencontre musicale \u00e0 la MLC.<\/div>\n<div><a href=\"https:\/\/www.moelan-a-vent.fr\/wp-content\/uploads\/2016\/01\/019-Copie-001.jpg\"><img loading=\"lazy\" decoding=\"async\" class=\"aligncenter wp-image-9028\" src=\"https:\/\/www.moelan-a-vent.fr\/wp-content\/uploads\/2016\/01\/019-Copie-001.jpg\" alt=\"019-copie-001\" width=\"457\" height=\"212\"><\/a><\/div>\n<div><strong><span style=\"color: #33cccc;\">Mardi 25 octobre&nbsp;<\/span>: <\/strong>animation \u00e0 la maison de retraite \u00ab\u00a0Les Brisants\u00a0\u00bb&nbsp;de Concarneau<strong>.<\/strong><\/div>\n<div><span style=\"color: #33cccc;\"><strong>Jeudi 20 octobre<\/strong><\/span> : stage pour les groupes 1 &amp; 3 &nbsp;avec Yvon Hervo<\/div>\n<div><strong style=\"color: #33cccc;\">Dimanche 25 septembre<\/strong> : participation \u00e0 la sc\u00e8ne ouverte du festival \u00ab\u00a0Boest an Diaoul\u00a0\u00bb, \u00e0 Mellac<\/div>\n<div><span style=\"color: #33cccc;\"><strong>Dimanche 25 septembre<\/strong><\/span> : animation dans le cadre de la journ\u00e9e \u00ab\u00a0les Virades de l&rsquo;espoir\u00a0\u00bb, \u00e0 Mo\u00eblan<\/div>\n<div><span style=\"color: #33cccc;\"><strong>Samedi 24 septembre<\/strong> <\/span>: festival \u00ab\u00a0Boest an diaoul\u00a0\u00bb soir\u00e9e garages \u00e0 Clohars-Carno\u00ebt<\/div>\n<div><a href=\"https:\/\/www.moelan-a-vent.fr\/wp-content\/uploads\/2016\/01\/DSCN7722.jpg\"><img loading=\"lazy\" decoding=\"async\" class=\"aligncenter wp-image-9029\" src=\"https:\/\/www.moelan-a-vent.fr\/wp-content\/uploads\/2016\/01\/DSCN7722.jpg\" alt=\"\" width=\"306\" height=\"232\"><\/a><\/div>\n<div><strong><span style=\"color: #33cccc;\">Mercredi 17, mercredi 24 ao\u00fbt<\/span> <\/strong>: animation de la soir\u00e9e-cr\u00eapes au camping de Kergro\u00ebs.<\/div>\n<div><span style=\"color: #33cccc;\"><strong>Mardi 16, mardi 23, mardi 30 ao\u00fbt :<\/strong><\/span> animation sur le march\u00e9 de Mo\u00eblan.<\/div>\n<div><span style=\"color: #33cccc;\"><strong>Dimanche 14 ao\u00fbt :<\/strong><\/span> animation des puces de mer organis\u00e9es par l\u2019association des plaisanciers et usagers du Belon.<\/div>\n<div><span style=\"color: #33cccc;\"><strong>Jeudi 11 ao\u00fbt <\/strong><\/span>: animation de la randonn\u00e9e organis\u00e9e par les amis de la chapelle Saint-Guenal de Kermen.<\/div>\n<div><span style=\"color: #33cccc;\"><strong>Mercredi 10 ao\u00fbt<\/strong> <\/span>: animation de la soir\u00e9e-cr\u00eapes au camping de Kergro\u00ebs<\/div>\n<div><span style=\"color: #33cccc;\"><strong>Lundi 8 ao\u00fbt<\/strong><\/span> : concert \u00e0 la chapelle Saint-Philibert avec le groupe d\u2019accord\u00e9onistes norv\u00e9giens<\/div>\n<div><span style=\"color: #33cccc;\"><strong>Vendredi 5 ao\u00fbt<\/strong><\/span> : sc\u00e8ne ouverte \u00e0 Brigneau organis\u00e9e par le comit\u00e9 de jumelage Mo\u00eblan\/Louisburgh<\/div>\n<div><span style=\"color: #33cccc;\"><strong>Mercredi 3 ao\u00fbt<\/strong><\/span> : animation de la f\u00eate Brigneau digue en f\u00eate ( chants de marins sur les misainiers et animation du fest-noz ).<\/div>\n<div><span style=\"color: #33cccc;\"><strong>Mardi 2 ao\u00fbt<\/strong><\/span> : animation sur le march\u00e9 de Mo\u00eblan<\/div>\n<div>\n<div><span style=\"color: #00ccff;\"><strong>Samedi 30 juillet&nbsp;<\/strong><\/span>: animation pour le vernissage de l\u2019exposition organis\u00e9e par l\u2019association des plaisanciers du Belon \u00e0 la cale de Beg Porz.<\/div>\n<div><span style=\"color: #33cccc;\"><strong>Mercredi 27 juillet<\/strong><\/span> : animation de la soir\u00e9e-cr\u00eapes au camping de Kergro\u00ebs<\/div>\n<div><span style=\"color: #33cccc;\"><strong>Mardi 26 juillet<\/strong><\/span> : animation sur le march\u00e9 de Mo\u00eblan<\/div>\n<div><span style=\"color: #33cccc;\"><strong>Samedi 24 juillet<\/strong> <\/span>: animation du repas de l\u2019association des plaisanciers de Clohars-Carno\u00ebt<\/div>\n<div><span style=\"color: #33cccc;\"><strong>&#8211; mercredi 20 juillet<\/strong> <\/span>: animation de la soir\u00e9e-cr\u00eapes au camping de Kergro\u00ebs<\/div>\n<div><span style=\"color: #33cccc;\"><strong>&#8211; mercredi 20 juillet<\/strong><\/span> animation de l\u2019initiation aux danses bretonnes sur le march\u00e9 du Pouldu<\/div>\n<div><span style=\"color: #33cccc;\"><strong>&#8211; mardi 19 juillet<\/strong><\/span> : animation sur le march\u00e9 de Mo\u00eblan<\/div>\n<div><span style=\"color: #33cccc;\"><strong>&#8211; mercredi 13 juillet<\/strong><\/span> : animation de la soir\u00e9e-cr\u00eapes au camping de Kergro\u00ebs<\/div>\n<div>mardi 12 juillet: animation sur le march\u00e9 de Mo\u00eblan<\/div>\n<div><span style=\"color: #00ccff;\"><strong>&#8211; samedi 9 juillet&nbsp;<\/strong><\/span>: animation pour le vernissage de l\u2019exposition organis\u00e9e par l\u2019association des plaisanciers du belon \u00e0 la cale de Beg Porz.<\/div>\n<\/div>\n<div><span style=\"color: #00ccff;\"><strong>&#8211; jeudi 30 juin&nbsp;<\/strong>:<\/span> notre f\u00eate de fin de saison avec jeu de groupe face \u00e0 la mer \u00e0 Malachappe et repas \u00e0 l\u2019auberge de Toulfoen.<\/div>\n<div><a href=\"https:\/\/www.moelan-a-vent.fr\/wp-content\/uploads\/2016\/01\/20160630_152241-001-1.jpg\"><img loading=\"lazy\" decoding=\"async\" class=\"aligncenter wp-image-9031\" src=\"https:\/\/www.moelan-a-vent.fr\/wp-content\/uploads\/2016\/01\/20160630_152241-001-1.jpg\" alt=\"\" width=\"388\" height=\"174\"><\/a><\/div>\n<div>\n<div><span style=\"color: #00ccff;\"><strong>&#8211; mardi 28 juin&nbsp;<\/strong><\/span>: animation par le groupe TRAD de la soir\u00e9e danses-loisirs \u00e0 Guidel.<\/div>\n<div><span style=\"color: #33cccc;\"><strong>&#8211; vendredi 24 juin<\/strong><\/span> : animation par le groupe Trad&rsquo; de la f\u00eate de la musique \u00e0 Arzano.<\/div>\n<div><span style=\"color: #00ccff;\"><strong>&#8211; vendredi 24 juin :<\/strong><\/span> animation de la randonn\u00e9e gourmande organis\u00e9e par l\u2019association de parents d\u2019\u00e9l\u00e8ves de l\u2019\u00e9cole du bourg de Clohars-Carnoet sur les sentiers c\u00f4tiers .<\/div>\n<\/div>\n<div>\n<div><span style=\"color: #33cccc;\"><strong>&#8211; mar<\/strong><strong><span style=\"color: #33cccc;\">di <\/span>21 juin :&nbsp;<\/strong><\/span> animation \u00e0 la maison de retraite de Bois Joly de Quimperl\u00e9 pour la f\u00eate de la musique.<\/div>\n<div>\n<div><span style=\"color: #00ccff;\"><strong>&#8211; mardi 21 juin&nbsp;<\/strong><\/span>: animation sur le march\u00e9 de Mo\u00eblan pour la f\u00eate de la musique.<\/div>\n<\/div>\n<div>\n<div><span style=\"color: #33cccc;\"><strong>&#8211;&nbsp;<\/strong><strong><span style=\"color: #33cccc;\">d<\/span>imanche 19 juin :<\/strong><\/span>&nbsp;animation sur le misainier Le Rigolo pour le festival R\u00eaves d&rsquo;Oc\u00e9an \u00e0 Do\u00e9lan.<\/div>\n<\/div>\n<div><span style=\"color: #33cccc;\"><strong>&#8211; samedi 18 juin<\/strong> <\/span>: F\u00eate de la musique \u00e0 Mo\u00eblan ( concert \u00e0 la chapelle Saint-Philibert et fest-noz sur le port de Brigneau ) .<\/div>\n<div><span style=\"color: #33cccc;\"><strong>&#8211; vendredi 17 juin<\/strong> <\/span>: rencontre musicale au manoir de Kernault \u00e0 l\u2019invitation de Mell\u2019accord\u00e9ons.<\/div>\n<div><span style=\"color: #33cccc;\">&#8211;<\/span> <span style=\"color: #33cccc;\"><strong>dimanche 29 mai<\/strong><\/span> : animation du trail organis\u00e9 par l\u2019association <em>Courir \u00e0 Mo\u00eblan<\/em>.<\/div>\n<div><strong><span style=\"color: #33cccc;\">&#8211; vendredi 27 mai<\/span> : &nbsp;<\/strong>animation par le groupe TRAD de la soir\u00e9e danses\/loisirs \u00e0 N\u00e9vez.<\/div>\n<div><strong><span style=\"color: #33cccc;\">&#8211; vendredi 20 mai<\/span> : <\/strong>animation du go\u00fbter mensuel de la conf\u00e9rence Saint-Vincent de Paul \u00e0 Quimperl\u00e9.<\/div>\n<div><strong><span style=\"color: #33cccc;\">&#8211; lundi 9 mai<\/span>&nbsp; :<\/strong> animation par le groupe TRAD de la soir\u00e9e danses\/loisirs \u00e0 Baye<\/div>\n<\/div>\n<div><span style=\"color: #33cccc;\"><strong>&#8211; dimanche 1er mai<\/strong><\/span> : animation par le groupe TRAD du fest-deiz organis\u00e9 \u00e0 l\u2019occasion de la kermesse de l\u2019\u00e9cole de Kermoulin.<\/div>\n<div><span style=\"color: #33cccc;\"><strong>&#8211; samedi 30 avril<\/strong><\/span> : animation par le groupe TRAD du fest-noz organis\u00e9 \u00e0 l\u2019Ellipse par l\u2019association de danses Lagadenn.<\/div>\n<div><span style=\"color: #33cccc;\">&#8211;<strong> samedi 23 avril<\/strong><\/span> : animation au vide-jardins organis\u00e9 par la Soci\u00e9t\u00e9 d\u2019horticulture et de jardinage du pays de Quimperl\u00e9.<\/div>\n<div><strong><span style=\"color: #33cccc;\">&#8211; Vendredi 8 avril&nbsp;<\/span><\/strong>: Fest-noz braz des MOELAN A VENT \u00e0 l\u2019Ellipse.<\/div>\n<div><a href=\"https:\/\/www.moelan-a-vent.fr\/wp-content\/uploads\/2016\/01\/2016-04-07.jpg\"><img loading=\"lazy\" decoding=\"async\" class=\"aligncenter wp-image-9032\" src=\"https:\/\/www.moelan-a-vent.fr\/wp-content\/uploads\/2016\/01\/2016-04-07.jpg\" alt=\"\" width=\"406\" height=\"157\"><\/a><\/div>\n<div><span style=\"color: #33cccc;\"><strong>&#8211; jeudi 7 avril<\/strong><\/span> : stage anim\u00e9 par Yvon Hervo.<\/div>\n<div><span style=\"color: #33cccc;\"><strong>&#8211; mardi 29 mars<\/strong><\/span> : animation par le groupe TRAD de la soir\u00e9e danses-loisirs \u00e0 Guidel.<\/div>\n<div><span style=\"color: #33cccc;\"><strong>&#8211; Samedi 19 mars \u00e0 17 H : <\/strong><\/span>rencontre musicale \u00e0 Qu\u00e9ven \u00e0 l\u2019invitation de Courants d\u2019airs.<\/div>\n<div>&#8211; <span style=\"color: #33cccc;\"><strong>Mercredi 16 mars<\/strong><\/span> : animation \u00e0 la maison de retraite <em>Les Brisants<\/em> de Concarneau<\/div>\n<div><strong><span style=\"color: #33cccc;\">&#8211; Lundi 14 mars \u00e0 20 H 30 <\/span>: <\/strong>festig-noz pr\u00e9paratoire au fest-noz braz du 8 avril.<\/div>\n<div><span style=\"color: #33cccc;\">&#8211;<\/span>&nbsp;<span style=\"color: #33cccc;\"><strong>Mardi 8 mars&nbsp;:&nbsp;<\/strong><\/span>animation par le groupe TRAD de la soir\u00e9e danses\/loisirs \u00e0 Riec\/Belon<\/div>\n<div><strong><span style=\"color: #33cccc;\">&#8211;<\/span> <span style=\"color: #33cccc;\">Vendredi 26 f\u00e9vrier \u00e0 20 H 30<\/span> : <\/strong>rencontre musicale ( Courant d\u2019Air de Pont-Aven, Courants d\u2019airs de Qu\u00e9ven,&nbsp; Mell\u2019accord\u00e9ons de Mellac, Kas a barh de Plouay ).<\/div>\n<div><span style=\"color: #33cccc;\">&#8211;<\/span>&nbsp;<span style=\"color: #33cccc;\"><strong>Mercredi 24 f\u00e9vrier<\/strong><\/span> :&nbsp;Animation par le groupe TRAD de la soir\u00e9e danses-loisirs \u00e0 Concarneau-Lanriec<\/div>\n<div><span style=\"color: #33cccc;\"><strong>&#8211; Dimanche 7 f\u00e9vrier&nbsp;<\/strong><\/span>: animation par le groupe TRAD du fest-deiz de la Chandeleur organis\u00e9 \u00e0 GOURIN par le cercle DEUZ BRO AR MEN GLAS.<\/div>\n<div><span style=\"color: #33cccc;\"><strong>&#8211; Lundi 25 janvier<\/strong><\/span> : animation \u00e0 la maison de retraite de Pont-Aven.<\/div>\n<div><span style=\"color: #33cccc;\"><strong>&#8211; Vendredi 22 janvier<\/strong> <\/span>animation par le groupe TRAD de la soir\u00e9e danses\/galette des rois organis\u00e9e par l\u2019association DANSAL GWENER NOZ de LOCUNOLE.<\/div>\n<div><span style=\"color: #33cccc;\"><strong>&#8211; Vendredi 8 janvier&nbsp;<\/strong><\/span>: animation par le groupe TRAD de la soir\u00e9e danses-loisirs \u00e0 N\u00e9vez.<\/div>\n","protected":false},"excerpt":{"rendered":"<p>&nbsp; Mardi 13 d\u00e9cembre : animation par le groupe trad&rsquo; de la soir\u00e9e \u00ab\u00a0danses-loisirs\u00a0\u00bb \u00e0&nbsp;Guidel Samedi 3 d\u00e9cembre : animation dans le cadre du T\u00e9l\u00e9thon de Mo\u00eblan : initiation aux danses bretonnes Dimanche 27 novembre : animation par le groupe &hellip; <a href=\"https:\/\/www.moelan-a-vent.fr\/?page_id=7854\">Continuer la lecture <span class=\"meta-nav\">&rarr;<\/span><\/a><\/p>\n","protected":false},"author":9,"featured_media":8890,"parent":23,"menu_order":16,"comment_status":"closed","ping_status":"closed","template":"","meta":{"ngg_post_thumbnail":0,"footnotes":""},"class_list":["post-7854","page","type-page","status-publish","has-post-thumbnail","hentry"],"_links":{"self":[{"href":"https:\/\/www.moelan-a-vent.fr\/index.php?rest_route=\/wp\/v2\/pages\/7854","targetHints":{"allow":["GET"]}}],"collection":[{"href":"https:\/\/www.moelan-a-vent.fr\/index.php?rest_route=\/wp\/v2\/pages"}],"about":[{"href":"https:\/\/www.moelan-a-vent.fr\/index.php?rest_route=\/wp\/v2\/types\/page"}],"author":[{"embeddable":true,"href":"https:\/\/www.moelan-a-vent.fr\/index.php?rest_route=\/wp\/v2\/users\/9"}],"replies":[{"embeddable":true,"href":"https:\/\/www.moelan-a-vent.fr\/index.php?rest_route=%2Fwp%2Fv2%2Fcomments&post=7854"}],"version-history":[{"count":38,"href":"https:\/\/www.moelan-a-vent.fr\/index.php?rest_route=\/wp\/v2\/pages\/7854\/revisions"}],"predecessor-version":[{"id":15839,"href":"https:\/\/www.moelan-a-vent.fr\/index.php?rest_route=\/wp\/v2\/pages\/7854\/revisions\/15839"}],"up":[{"embeddable":true,"href":"https:\/\/www.moelan-a-vent.fr\/index.php?rest_route=\/wp\/v2\/pages\/23"}],"wp:featuredmedia":[{"embeddable":true,"href":"https:\/\/www.moelan-a-vent.fr\/index.php?rest_route=\/wp\/v2\/media\/8890"}],"wp:attachment":[{"href":"https:\/\/www.moelan-a-vent.fr\/index.php?rest_route=%2Fwp%2Fv2%2Fmedia&parent=7854"}],"curies":[{"name":"wp","href":"https:\/\/api.w.org\/{rel}","templated":true}]}}