{"id":86,"date":"2012-01-22T15:56:16","date_gmt":"2012-01-22T14:56:16","guid":{"rendered":"http:\/\/moelan-a-vent.diateam.net\/?page_id=86"},"modified":"2021-06-26T14:02:07","modified_gmt":"2021-06-26T12:02:07","slug":"adresses-utiles","status":"publish","type":"page","link":"https:\/\/www.moelan-a-vent.fr\/?page_id=86","title":{"rendered":"Adresses utiles"},"content":{"rendered":"<table width=\"\u201d1000&quot;border=\u201d1\u2033\" cellspacing=\"\u201d0\u2033\" cellpadding=\"\u201d0\u2033\">\n<tbody>\n<tr>\n<td>Sous cette rubrique vous trouverez des adresses de&nbsp;:<\/td>\n<\/tr>\n<\/tbody>\n<\/table>\n<table width=\"\u201d800&quot;border=\u201d1\u2033\" cellspacing=\"\u201d0\u2033\" cellpadding=\"\u201d0\u2033\">\n<tbody>\n<tr>\n<td>&nbsp;<a href=\"https:\/\/www.moelan-a-vent.fr\/wp-content\/uploads\/2012\/10\/9.jpg\"><img loading=\"lazy\" decoding=\"async\" class=\"alignnone size-thumbnail wp-image-3061\" title=\"photo Yves Gaubert\" src=\"https:\/\/www.moelan-a-vent.fr\/wp-content\/uploads\/2012\/10\/9-150x150.jpg\" alt=\"\" width=\"150\" height=\"150\"><\/a><\/td>\n<td>&nbsp;<\/td>\n<td>&nbsp;<a href=\"http:\/\/moelan-a-vent.fr\/?page_id=1834\">Luthiers, facteurs d\u2019accord\u00e9ons et vendeurs des marques les plus connues en France<\/a>.<\/td>\n<\/tr>\n<tr>\n<td>&nbsp;<a href=\"https:\/\/www.moelan-a-vent.fr\/wp-content\/uploads\/2012\/10\/DSC08279.jpg\"><img loading=\"lazy\" decoding=\"async\" class=\"alignnone size-thumbnail wp-image-3062\" title=\"photo Yves Gaubert\" src=\"https:\/\/www.moelan-a-vent.fr\/wp-content\/uploads\/2012\/10\/DSC08279-150x150.jpg\" alt=\"\" width=\"150\" height=\"150\"><\/a><\/td>\n<td>&nbsp;<\/td>\n<td>&nbsp;<a href=\"http:\/\/moelan-a-vent.fr\/?page_id=1837\">&nbsp;Maisons d\u2019\u00e9ditions de tablatures et partitions, de revues&nbsp; d\u2019informations sur l\u2019accord\u00e9on diatonique.<\/a><\/td>\n<\/tr>\n<tr>\n<td>&nbsp;<a href=\"http:\/\/moelan-a-vent.fr\/?page_id=1840\"><img loading=\"lazy\" decoding=\"async\" class=\"alignleft size-thumbnail wp-image-1896\" title=\".\" src=\"http:\/\/moelan-a-vent.fr\/wp-content\/uploads\/2012\/01\/partoch-e1331368235801-150x93.jpg\" alt=\"\" width=\"150\" height=\"93\"><\/a><\/td>\n<td>&nbsp;<\/td>\n<td>&nbsp;<a href=\"http:\/\/moelan-a-vent.fr\/?page_id=1840\">Sites d\u2019associations&nbsp; dispers\u00e9es dans tout le pays et \u00e0 l\u2019\u00e9tranger et &nbsp;proposant des tablatures en tous genres.<\/a><\/td>\n<\/tr>\n<tr>\n<td>&nbsp;<a href=\"http:\/\/moelan-a-vent.fr\/?page_id=1881\"><img loading=\"lazy\" decoding=\"async\" class=\"alignleft size-thumbnail wp-image-1901\" title=\".\" src=\"http:\/\/moelan-a-vent.fr\/wp-content\/uploads\/2012\/01\/Agde-015-150x150.jpg\" alt=\"\" width=\"150\" height=\"150\"><\/a><\/td>\n<td>&nbsp;<\/td>\n<td>&nbsp;&nbsp;<a href=\"http:\/\/moelan-a-vent.fr\/?page_id=1881\">Sites d\u00e9di\u00e9s \u00e0 la revente d\u2019accord\u00e9ons<\/a><\/td>\n<\/tr>\n<\/tbody>\n<\/table>\n<p><strong>&nbsp;<\/strong><\/p>\n<p><a href=\"http:\/\/moelan-a-vent.fr\/?page_id=1837\">&nbsp;&nbsp;<\/a><\/p>\n<p><span style=\"color: #008080;\"><strong>&nbsp;<\/strong><\/span><\/p>\n<p><span style=\"color: #008080;\">&nbsp;<\/span><br \/>\nMazurka \u00ab\u00a0la t\u00eate ailleurs\u00a0\u00bb, d&rsquo;Elisabeth Barrier<\/p>\n[audio:https:\/\/www.moelan-a-vent.fr\/wp-content\/uploads\/2012\/03\/La-tete-ailleurs-Elizabeth-Barrier-avec-contre-chant.mp3|autostart=yes|loop=yes]\n","protected":false},"excerpt":{"rendered":"<p>Sous cette rubrique vous trouverez des adresses de&nbsp;: &nbsp; &nbsp; &nbsp;Luthiers, facteurs d\u2019accord\u00e9ons et vendeurs des marques les plus connues en France. &nbsp; &nbsp; &nbsp;&nbsp;Maisons d\u2019\u00e9ditions de tablatures et partitions, de revues&nbsp; d\u2019informations sur l\u2019accord\u00e9on diatonique. &nbsp; &nbsp; &nbsp;Sites d\u2019associations&nbsp; &hellip; <a href=\"https:\/\/www.moelan-a-vent.fr\/?page_id=86\">Continuer la lecture <span class=\"meta-nav\">&rarr;<\/span><\/a><\/p>\n","protected":false},"author":9,"featured_media":4286,"parent":0,"menu_order":7,"comment_status":"closed","ping_status":"open","template":"","meta":{"ngg_post_thumbnail":0,"footnotes":""},"class_list":["post-86","page","type-page","status-publish","has-post-thumbnail","hentry"],"_links":{"self":[{"href":"https:\/\/www.moelan-a-vent.fr\/index.php?rest_route=\/wp\/v2\/pages\/86","targetHints":{"allow":["GET"]}}],"collection":[{"href":"https:\/\/www.moelan-a-vent.fr\/index.php?rest_route=\/wp\/v2\/pages"}],"about":[{"href":"https:\/\/www.moelan-a-vent.fr\/index.php?rest_route=\/wp\/v2\/types\/page"}],"author":[{"embeddable":true,"href":"https:\/\/www.moelan-a-vent.fr\/index.php?rest_route=\/wp\/v2\/users\/9"}],"replies":[{"embeddable":true,"href":"https:\/\/www.moelan-a-vent.fr\/index.php?rest_route=%2Fwp%2Fv2%2Fcomments&post=86"}],"version-history":[{"count":29,"href":"https:\/\/www.moelan-a-vent.fr\/index.php?rest_route=\/wp\/v2\/pages\/86\/revisions"}],"predecessor-version":[{"id":13603,"href":"https:\/\/www.moelan-a-vent.fr\/index.php?rest_route=\/wp\/v2\/pages\/86\/revisions\/13603"}],"wp:featuredmedia":[{"embeddable":true,"href":"https:\/\/www.moelan-a-vent.fr\/index.php?rest_route=\/wp\/v2\/media\/4286"}],"wp:attachment":[{"href":"https:\/\/www.moelan-a-vent.fr\/index.php?rest_route=%2Fwp%2Fv2%2Fmedia&parent=86"}],"curies":[{"name":"wp","href":"https:\/\/api.w.org\/{rel}","templated":true}]}}