{"id":9045,"date":"2016-11-13T09:56:30","date_gmt":"2016-11-13T08:56:30","guid":{"rendered":"https:\/\/www.moelan-a-vent.fr\/?page_id=9045"},"modified":"2024-02-24T09:01:28","modified_gmt":"2024-02-24T08:01:28","slug":"janvier-decembre-2017","status":"publish","type":"page","link":"https:\/\/www.moelan-a-vent.fr\/?page_id=9045","title":{"rendered":"Janvier-d\u00e9cembre 2017"},"content":{"rendered":"<p><span style=\"color: #33cccc;\"><strong>Mardi 19 d\u00e9cembre<\/strong><\/span> :&nbsp;animation par le groupe trad\u2019 de la soir\u00e9e \u00ab&nbsp;danses-loisirs&nbsp;\u00bb \u00e0&nbsp;Guidel<br \/>\n<span style=\"color: #33cccc;\"><strong>Vendredi 1er d\u00e9cembre<\/strong><\/span> : animation par le groupe trad&rsquo; du fest-noz organis\u00e9 \u00e0 Mo\u00eblan (Ellipse) dans le cadre du T\u00e9l\u00e9thon.<br \/>\n<span style=\"color: #33cccc;\"><strong>Dimanche 19 novembre<\/strong><\/span> : animation par le groupe trad&rsquo; du fest-deiz organis\u00e9 \u00e0 N\u00e9vez dans le cadre du T\u00e9l\u00e9thon.<br \/>\n<span style=\"color: #33cccc;\"><strong>Mercredi 15 novembre<\/strong><\/span> :&nbsp;animation au centre de loisirs de Mo\u00eblan sur Mer<br \/>\n<span style=\"color: #33cccc;\"><strong>Mardi 7 novembre<\/strong><\/span> : animation \u00e0 la maison de retraite d&rsquo;Arzano<br \/>\n<strong><span style=\"color: #33cccc;\">Jeudi 26 octobre<\/span><\/strong> : stage de perfectionnement avec Yvon Hervo<br \/>\n<strong><span style=\"color: #33cccc;\">Vendredi 20 octobre<\/span><\/strong> : soir\u00e9e rencontre \u00e0 la MLC avec \u00ab\u00a0Courant d&rsquo;air\u00a0\u00bb (Pont-Aven), \u00ab\u00a0Courants d&rsquo;airs\u00a0\u00bb (Qu\u00e9ven) et \u00ab\u00a0Bol d&rsquo;air\u00a0\u00bb (Quimperl\u00e9)<br \/>\n<strong><span style=\"color: #33cccc;\">Mercredi 18 octobre<\/span><\/strong> : animation au centre de loisirs de Mo\u00eblan sur Mer<br \/>\n<span style=\"color: #33cccc;\"><strong>Mercredi 11 octobre<\/strong><\/span> : animation \u00e0 la maison de retraite \u00ab\u00a0Les Brisants\u00a0\u00bb \u00e0 Concarneau.<br \/>\n<strong><span style=\"color: #33cccc;\">Dimanche<\/span><span style=\"color: #33cccc;\"> 24 septembre<\/span><\/strong> : animation dans le cadre de la journ\u00e9e \u00ab&nbsp;les Virades de l\u2019espoir&nbsp;\u00bb, \u00e0 Mo\u00eblan-sur-mer&nbsp;<br \/>\n<span style=\"color: #33cccc;\"><strong>Samedi 23 septembre <\/strong><\/span>: festival \u00ab\u00a0Boest an diaoul\u00a0\u00bb, <a href=\"https:\/\/www.boestandiaoul.org\/soiree-garages\">soir\u00e9e garages<\/a> au Pouldu (village de Keranquernat)<br \/>\n<span style=\"color: #33cccc;\"><strong>Mardi 29 ao\u00fbt<\/strong><\/span> : animation sur le march\u00e9 de Mo\u00eblan-sur-mer<br \/>\n<strong><span style=\"color: #33cccc;\">Samedi 19 ao\u00fbt<\/span> <\/strong>: animation d&rsquo;un cocktail de mariage \u00e0 Pont-Aven<br \/>\n<span style=\"color: #33cccc;\"><strong>Dimanche 13 ao\u00fbt<\/strong><\/span> : animation des \u00ab\u00a0Puces de mer\u00a0\u00bb au Belon, organis\u00e9es par l&rsquo;association des plaisanciers et usagers du Belon.<br \/>\n<a href=\"https:\/\/www.mapado.com\/moelan-sur-mer\/puces-de-mer-1\">\u00ab\u00a0Puces de mer\u00a0\u00bb 2017<\/a><br \/>\n<span style=\"color: #33cccc;\"><strong>Jeudi 10 ao\u00fbt<\/strong> <\/span>: animation de la randonn\u00e9e organis\u00e9e par les amis de la chapelle Saint Gu\u00e9nal \u00e0 Kermen.<br \/>\n<strong><span style=\"color: #33cccc;\">Samedi 5 ao\u00fbt<\/span><\/strong> :&nbsp;animation pour le vernissage de l\u2019exposition organis\u00e9e par l\u2019association des plaisanciers du Belon \u00e0 la cale de Beg Porz<br \/>\n<span style=\"color: #33cccc;\"><strong>Jeudi 3 ao\u00fbt<\/strong><\/span> : <em>Brigneau digue en f\u00eate :&nbsp;<\/em>arriv\u00e9e des vieux gr\u00e9ements l&rsquo;apr\u00e8s-midi, puis fest-noz anim\u00e9 par le groupe trad&rsquo; le soir, au port de Brigneau.<br \/>\n<a href=\"http:\/\/www.letelegramme.fr\/finistere\/moelan-sur-mer\/digue-en-fete-journee-de-gala-a-brigneau-05-08-2017-11620389.php\">article du \u00ab\u00a0T\u00e9l\u00e9gramme\u00a0\u00bb 5 ao\u00fbt<\/a><br \/>\n<span style=\"color: #33cccc;\"><strong>Mardi 1er ao\u00fbt<\/strong> <\/span>:&nbsp;animation sur le march\u00e9 de Mo\u00eblan-sur-mer<br \/>\n<span style=\"color: #33cccc;\"><strong>Mercredi 26 juillet<\/strong><\/span> : animation de l&rsquo;initiation aux danses bretonnes sur le march\u00e9 du Pouldu.<br \/>\n<span style=\"color: #33cccc;\"><strong>Mardi 25 juillet<\/strong><\/span> : animation sur le march\u00e9 de Mo\u00eblan-sur-mer<br \/>\n<span style=\"color: #33cccc;\"><strong>Samedi 22 juillet<\/strong><\/span> : animation musicale \u00e0 Do\u00eblan dans le cadre du 25\u00e8me anniversaire du <em>Rigolo<br \/>\n<\/em><a href=\"http:\/\/www.letelegramme.fr\/finistere\/quimperle\/anniversaire-unis-autour-du-rigolo-24-07-2017-11607065.php\">Article du \u00ab\u00a0T\u00e9l\u00e9gramme\u00a0\u00bb du 24 juillet<\/a><em><br \/>\n<\/em><span style=\"color: #33cccc;\"><strong>Vendredi 21 juillet<\/strong><\/span> : animation de la f\u00eate de l&rsquo;\u00e9t\u00e9 au centre d&rsquo;accueil de jour <em>Ti an Heol <\/em>de Moelan<br \/>\n<span style=\"color: #33cccc;\"><strong>Mardi 18 juillet<\/strong><\/span> : animation sur le march\u00e9 de Mo\u00eblan-sur-mer<br \/>\n<span style=\"color: #33cccc;\"><strong>Samedi 15 juillet<\/strong><\/span> :&nbsp;animation pour le vernissage de l\u2019exposition organis\u00e9e par l\u2019association des plaisanciers du Belon \u00e0 la cale de Beg Porz<br \/>\n<span style=\"color: #33cccc;\"><strong>Mardi 11 juillet<\/strong><\/span> : animation sur le march\u00e9 de Mo\u00eblan-sur-mer<br \/>\n<a href=\"http:\/\/www.letelegramme.fr\/finistere\/moelan-sur-mer\/moelan-a-vent-rendez-vous-le-mardi-matin-au-marche-14-07-2017-11596221.php\">article \u00ab\u00a0Le T\u00e9l\u00e9gramme\u00a0\u00bb du 14 juillet 2017<\/a><br \/>\n<span style=\"color: #33cccc;\"><strong>Mardi 4 juillet<\/strong><\/span> : animation sur le march\u00e9 de Mo\u00eblan-sur-mer<br \/>\n<span style=\"color: #33cccc;\"><strong>Mardi 27 juin<\/strong><\/span> : animation par le groupe trad&rsquo; du mini fest noz organis\u00e9 par <em>Ar-un-dro<\/em> de Guidel<br \/>\n<span style=\"color: #33cccc;\"><strong>Mardi 27 juin<\/strong><\/span>: animation au centre d&rsquo;accueil de jour <em>Ti ma bro<\/em> \u00e0 Querrien<br \/>\n<span style=\"color: #33cccc;\"><strong>Dimanche 25 juin<\/strong><\/span> : Kermesse de l&rsquo;\u00e9cole de Kergro\u00ebs, danses avec les enfants de la maternelle.<br \/>\n<span style=\"color: #33cccc;\"><strong>Samedi 24 juin<\/strong><\/span> : f\u00eate de la musique : concert \u00e0 la chapelle Saint-Philibert et fest-noz par le groupe trad&rsquo; au port de Brigneau.<a href=\"https:\/\/www.moelan-a-vent.fr\/wp-content\/uploads\/2016\/11\/un-fest-noz-mouille-mais-plein-d-entrain-brigneau-001.jpg\"><img loading=\"lazy\" decoding=\"async\" class=\"wp-image-10240 aligncenter\" src=\"https:\/\/www.moelan-a-vent.fr\/wp-content\/uploads\/2016\/11\/un-fest-noz-mouille-mais-plein-d-entrain-brigneau-001.jpg\" alt=\"\" width=\"231\" height=\"135\"><\/a><\/p>\n<p><strong><span style=\"color: #33cccc;\">Jeudi 22 juin<\/span><\/strong> : notre sortie de fin d&rsquo;ann\u00e9e, notre AG et notre repas !<br \/>\n<span style=\"color: #33cccc;\"><b>Mercredi 21 juin<\/b><\/span> : animation de la f\u00eate de la musique \u00e0 la maison de retraite&nbsp;<em>Tal ar Mor<\/em> de Mo\u00eblan<br \/>\n<span style=\"color: #33cccc;\"><strong>Mardi 20 juin<\/strong><\/span> :&nbsp;animation de la f\u00eate de la musique \u00e0 la maison de retraite <i>Bois-Joly <\/i>de Quimperl\u00e9<br \/>\n<strong><span style=\"color: #33cccc;\">Dimanche 18 juin<\/span><\/strong> : animation musicale \u00e0 Do\u00eblan, sur le <em>Rigolo<\/em>, dans le cadre du festival du livre de jeunesse \u00ab\u00a0R\u00eaves d&rsquo;Oc\u00e9an\u00a0\u00bb.<a href=\"https:\/\/www.moelan-a-vent.fr\/wp-content\/uploads\/2016\/11\/Rigolo18062017-2.jpg\"><img loading=\"lazy\" decoding=\"async\" class=\"wp-image-10206 aligncenter\" src=\"https:\/\/www.moelan-a-vent.fr\/wp-content\/uploads\/2016\/11\/Rigolo18062017-2.jpg\" alt=\"\" width=\"186\" height=\"130\"><\/a><\/p>\n<p><span style=\"color: #33cccc;\"><strong>Samedi 17 juin<\/strong><\/span> : animation musicale lors de l&rsquo;inauguration de l&rsquo;exposition de photos de Michel Thersiquel et de dessins de Bruno le Floc&rsquo;h<br \/>\n<span style=\"color: #33cccc;\"><strong>Vendredi 16 juin<\/strong><\/span> : soir\u00e9e-rencontre \u00e0 Mellac (Kernault), \u00e0 l&rsquo;invitation de <em>Mell&rsquo;accord\u00e9on<\/em><br \/>\n<strong><span style=\"color: #33cccc;\">Lundi 29 mai<\/span><\/strong> : soir\u00e9e-rencontre \u00e0 N\u00e9vez, \u00e0 l&rsquo;invitation des accord\u00e9onistes de <em>Courant d&rsquo;air,<\/em>&nbsp;de Pont-Aven<br \/>\n<span style=\"color: #33cccc;\"><strong>Dimanche 28 mai<\/strong><\/span> : animation du trail organis\u00e9 par l&rsquo;association <em>Courir \u00e0 Mo\u00eblan<\/em><br \/>\n<strong><span style=\"color: #33cccc;\">Vendredi 19 mai<\/span><\/strong>&nbsp;:&nbsp;animation&nbsp;par le groupe trad&rsquo; de la soir\u00e9e danses-loisirs \u00e0&nbsp;N\u00e9vez<br \/>\n<span style=\"color: #33cccc;\"><strong>Dimanche 14 mai<\/strong><\/span> : journ\u00e9e rencontre avec <em>Diatonik-Penn-ar-Bed<\/em> de Plou\u00e9dern<br \/>\n<span style=\"color: #33cccc;\"><strong>Samedi 29 avril<\/strong><\/span> : animation au vide-jardins organis\u00e9 par la Soci\u00e9t\u00e9 d\u2019horticulture et de jardinage du pays de Quimperl\u00e9<br \/>\n<a href=\"https:\/\/www.moelan-a-vent.fr\/wp-content\/uploads\/2016\/11\/vide-jardins-2.jpg\"><img loading=\"lazy\" decoding=\"async\" class=\"wp-image-10119 aligncenter\" src=\"https:\/\/www.moelan-a-vent.fr\/wp-content\/uploads\/2016\/11\/vide-jardins-2.jpg\" alt=\"\" width=\"346\" height=\"117\"><\/a><\/p>\n<p><span style=\"color: #33cccc;\"><strong>Mardi 25 avril<\/strong><\/span> : animation au centre d&rsquo;accueil de jour <em>Ti ma bro<\/em> \u00e0 Querrien<br \/>\n<span style=\"color: #33cccc;\"><strong>Samedi 22 avril<\/strong><\/span> : animation par le groupe trad&rsquo; du fest-noz de <em>Lagadenn<\/em> \u00e0 Mo\u00eblan<br \/>\n<span style=\"color: #33cccc;\"><strong>Jeudi 20 avril<\/strong><\/span> : stage anim\u00e9 par Yvon Hervo<br \/>\n<span style=\"color: #33cccc;\"><strong>Vendredi 14 avril<\/strong> <\/span>: animation par le groupe trad&rsquo; de la soir\u00e9e danses-loisirs \u00e0 Locunol\u00e9<br \/>\n<span style=\"color: #33cccc;\"><strong>Vendredi 7 avril<\/strong><\/span> : fest-noz braz des <em>Mo\u00eblan \u00e0 vent<\/em> \u00e0 l\u2019Ellipse<\/p>\n<p><a href=\"https:\/\/www.moelan-a-vent.fr\/wp-content\/uploads\/2016\/11\/affiche2017.jpg\"><img loading=\"lazy\" decoding=\"async\" class=\"wp-image-9957 alignleft\" src=\"https:\/\/www.moelan-a-vent.fr\/wp-content\/uploads\/2016\/11\/affiche2017.jpg\" alt=\"\" width=\"114\" height=\"153\"><\/a><\/p>\n<p><a href=\"https:\/\/www.moelan-a-vent.fr\/wp-content\/uploads\/2016\/11\/Le-T\u00e9l\u00e9gramme-9-avril.jpg\"><img loading=\"lazy\" decoding=\"async\" class=\"alignleft wp-image-10004\" src=\"https:\/\/www.moelan-a-vent.fr\/wp-content\/uploads\/2016\/11\/Le-T\u00e9l\u00e9gramme-9-avril.jpg\" alt=\"\" width=\"379\" height=\"167\"><\/a><\/p>\n<p>&nbsp;<\/p>\n<p>&nbsp;<\/p>\n<p>&nbsp;<\/p>\n<p>&nbsp;<\/p>\n<p>&nbsp;<\/p>\n<p><span style=\"color: #33cccc;\"><strong>Samedi 1er avril<\/strong><\/span> : soir\u00e9e-rencontre musicale \u00e0 Qu\u00e9ven, sur invitation de <em>Courants d&rsquo;airs<br \/>\n<\/em><span style=\"color: #33cccc;\"><strong>Mardi 4 avril<\/strong><\/span>&nbsp;: animation&nbsp;par le groupe trad&rsquo; de la soir\u00e9e danses-loisirs \u00e0 Guidel<br \/>\n<span style=\"color: #33cccc;\"><strong>Mercredi 15&nbsp;mars<\/strong><\/span>&nbsp;: animation \u00e0 la maison de retraite de Pont-Aven<br \/>\n<span style=\"color: #33cccc;\"><strong>Vendredi 10 mars<\/strong><\/span> : soir\u00e9e-rencontre musicale \u00e0 la MLC, Mo\u00eblan<br \/>\n<strong><span style=\"color: #33cccc;\">Mercredi 1er mars<\/span><\/strong> :&nbsp;animation&nbsp;par le groupe trad&rsquo; de la soir\u00e9e danses-loisirs \u00e0 Lanriec<br \/>\n<span style=\"color: #33cccc;\"><strong>Mardi 28 f\u00e9vrier<\/strong><\/span><span style=\"font-weight: 300;\"> : animation de la f\u00eate du Mardi-Gras \u00e0 Mo\u00eblan<br \/>\n<\/span><span style=\"color: #33cccc;\"><strong>Jeudi 23 f\u00e9vrier<\/strong><\/span> : stage anim\u00e9 par Yvon Hervo<br \/>\n<strong><span style=\"color: #33cccc;\">Mardi 14 f\u00e9vrier<\/span><\/strong>&nbsp;:&nbsp;animation&nbsp;par le groupe trad&rsquo; de la soir\u00e9e danses-loisirs \u00e0 Riec<br \/>\n<span style=\"color: #33cccc;\"><strong>Mercredi 1er f\u00e9vrier<\/strong><\/span> : animation \u00e0 la maison de retraite <em>Avel-Mor<\/em>, \u00e0 Concarneau.<br \/>\n<span style=\"color: #33cccc;\"><strong>Mardi 17 janvier<\/strong> <\/span>: animation \u00e0 la MAPA de Guidel<br \/>\n<span style=\"color: #33cccc;\"><strong>Mercredi 11 janvier<\/strong><\/span> : animation \u00e0 l&rsquo;\u00e9cole maternelle de Kergro\u00ebs (Mo\u00eblan)<br \/>\n<span style=\"color: #33cccc;\"><strong>Vendredi 6 janvier<\/strong><\/span> : soir\u00e9e-rencontre musicale \u00e0 Mellac, sur invitation de <em>Mell&rsquo;accord\u00e9on<\/em><\/p>\n","protected":false},"excerpt":{"rendered":"<p>Mardi 19 d\u00e9cembre :&nbsp;animation par le groupe trad\u2019 de la soir\u00e9e \u00ab&nbsp;danses-loisirs&nbsp;\u00bb \u00e0&nbsp;Guidel Vendredi 1er d\u00e9cembre : animation par le groupe trad&rsquo; du fest-noz organis\u00e9 \u00e0 Mo\u00eblan (Ellipse) dans le cadre du T\u00e9l\u00e9thon. Dimanche 19 novembre : animation par le &hellip; <a href=\"https:\/\/www.moelan-a-vent.fr\/?page_id=9045\">Continuer la lecture <span class=\"meta-nav\">&rarr;<\/span><\/a><\/p>\n","protected":false},"author":9,"featured_media":9048,"parent":23,"menu_order":15,"comment_status":"closed","ping_status":"closed","template":"","meta":{"ngg_post_thumbnail":0,"footnotes":""},"class_list":["post-9045","page","type-page","status-publish","has-post-thumbnail","hentry"],"_links":{"self":[{"href":"https:\/\/www.moelan-a-vent.fr\/index.php?rest_route=\/wp\/v2\/pages\/9045","targetHints":{"allow":["GET"]}}],"collection":[{"href":"https:\/\/www.moelan-a-vent.fr\/index.php?rest_route=\/wp\/v2\/pages"}],"about":[{"href":"https:\/\/www.moelan-a-vent.fr\/index.php?rest_route=\/wp\/v2\/types\/page"}],"author":[{"embeddable":true,"href":"https:\/\/www.moelan-a-vent.fr\/index.php?rest_route=\/wp\/v2\/users\/9"}],"replies":[{"embeddable":true,"href":"https:\/\/www.moelan-a-vent.fr\/index.php?rest_route=%2Fwp%2Fv2%2Fcomments&post=9045"}],"version-history":[{"count":104,"href":"https:\/\/www.moelan-a-vent.fr\/index.php?rest_route=\/wp\/v2\/pages\/9045\/revisions"}],"predecessor-version":[{"id":10491,"href":"https:\/\/www.moelan-a-vent.fr\/index.php?rest_route=\/wp\/v2\/pages\/9045\/revisions\/10491"}],"up":[{"embeddable":true,"href":"https:\/\/www.moelan-a-vent.fr\/index.php?rest_route=\/wp\/v2\/pages\/23"}],"wp:featuredmedia":[{"embeddable":true,"href":"https:\/\/www.moelan-a-vent.fr\/index.php?rest_route=\/wp\/v2\/media\/9048"}],"wp:attachment":[{"href":"https:\/\/www.moelan-a-vent.fr\/index.php?rest_route=%2Fwp%2Fv2%2Fmedia&parent=9045"}],"curies":[{"name":"wp","href":"https:\/\/api.w.org\/{rel}","templated":true}]}}