{"id":923,"date":"2012-02-15T16:09:37","date_gmt":"2012-02-15T15:09:37","guid":{"rendered":"http:\/\/moelan-a-vent.diateam.net\/?page_id=923"},"modified":"2022-10-27T06:23:24","modified_gmt":"2022-10-27T04:23:24","slug":"tablatures","status":"publish","type":"page","link":"https:\/\/www.moelan-a-vent.fr\/?page_id=923","title":{"rendered":"Tablatures"},"content":{"rendered":"<div style=\"text-align: left;\">\n<p>Toutes nos tablatures sont \u00e9crites selon le syst\u00e8me universel CADB ( Collectif Accord\u00e9on Diatonique de Bretagne ).Les airs reproduits sur ce site sont presque tous des airs traditionnels libres de droits ou des musiques relativement r\u00e9centes que le compositeur ou l\u2019arrangeur nous a autoris\u00e9s \u00e0 publier.<\/p>\n<p>Cependant si, malgr\u00e9 toutes nos pr\u00e9cautions, vous voyez ici une tablature non libre de droits, veuillez nous le signaler pour que nous la retirions imm\u00e9diatement du site.<\/p>\n<p>Vous pouvez imprimer les tablatures au format PDF ( Adobe Reader ) et les \u00e9couter au son MIDI avec les logiciels TEFVIEW ( gratuit ) et TABLEDIT ( payant ou en version de d\u00e9monstration, gratuite). Ceci vous permet, en outre, de visualiser les tablatures, d\u2019\u00e9couter la musique tout en jouant, de modifier le tempo comme vous le souhaitez etc.<\/p>\n<p>Pour t\u00e9l\u00e9charger gratuitement \u00ab&nbsp;Tefview&nbsp;\u00bb et \u00ab&nbsp;Tabledit&nbsp;\u00bb,&nbsp;<span style=\"font-size: 11px; line-height: 17px; color: #000000; font-family: Verdana, Arial, Helvetica, sans-serif;\">&nbsp;<\/span><a style=\"font-family: Verdana, Arial, Helvetica, sans-serif;\" href=\"http:\/\/www.tabledit.com\/index_f.shtml\">cliquez ici<\/a><\/p>\n<p>&nbsp;<\/p>\n<\/div>\n<table border=\"\u201d1\u2033\" width=\"\u201d600\u2033\" cellspacing=\"\u201d0\u2033\" cellpadding=\"\u201d0\u2033\">\n<tbody>\n<tr>\n<td>&nbsp;<a href=\"https:\/\/www.moelan-a-vent.fr\/?page_id=932\">Danses de Bretagne<\/a><\/td>\n<td><a href=\"https:\/\/www.moelan-a-vent.fr\/?page_id=1633\">Danses traditionnelles<\/a><\/td>\n<td>&nbsp;<a href=\"https:\/\/www.moelan-a-vent.fr\/?page_id=1700\">Ecosse, Irlande<\/a><\/td>\n<td>&nbsp;<\/td>\n<\/tr>\n<tr>\n<td>&nbsp;<a href=\"https:\/\/www.moelan-a-vent.fr\/?page_id=940\">Chansons populaires<\/a><\/td>\n<td>&nbsp;<a href=\"https:\/\/www.moelan-a-vent.fr\/?page_id=938\">Chants<\/a><\/td>\n<td><a href=\"https:\/\/www.moelan-a-vent.fr\/?page_id=11145\">Divers<\/a><\/td>\n<td>&nbsp;<\/td>\n<\/tr>\n<\/tbody>\n<\/table>\n<p>Vous \u00e9coutez la M\u00e9lodie pour Salom\u00e9, par Sylvain Butt\u00e9 et son groupe<\/p>\n[audio:https:\/\/www.moelan-a-vent.fr\/wp-content\/uploads\/2012\/03\/Mazurka-Melodie-pour-Salome-Sylvain-Butte.mp3|autostart=yes|loop=yes]\n","protected":false},"excerpt":{"rendered":"<p>Toutes nos tablatures sont \u00e9crites selon le syst\u00e8me universel CADB ( Collectif Accord\u00e9on Diatonique de Bretagne ).Les airs reproduits sur ce site sont presque tous des airs traditionnels libres de droits ou des musiques relativement r\u00e9centes que le compositeur ou &hellip; <a href=\"https:\/\/www.moelan-a-vent.fr\/?page_id=923\">Continuer la lecture <span class=\"meta-nav\">&rarr;<\/span><\/a><\/p>\n","protected":false},"author":9,"featured_media":7996,"parent":0,"menu_order":5,"comment_status":"closed","ping_status":"open","template":"","meta":{"ngg_post_thumbnail":0,"footnotes":""},"class_list":["post-923","page","type-page","status-publish","has-post-thumbnail","hentry"],"_links":{"self":[{"href":"https:\/\/www.moelan-a-vent.fr\/index.php?rest_route=\/wp\/v2\/pages\/923","targetHints":{"allow":["GET"]}}],"collection":[{"href":"https:\/\/www.moelan-a-vent.fr\/index.php?rest_route=\/wp\/v2\/pages"}],"about":[{"href":"https:\/\/www.moelan-a-vent.fr\/index.php?rest_route=\/wp\/v2\/types\/page"}],"author":[{"embeddable":true,"href":"https:\/\/www.moelan-a-vent.fr\/index.php?rest_route=\/wp\/v2\/users\/9"}],"replies":[{"embeddable":true,"href":"https:\/\/www.moelan-a-vent.fr\/index.php?rest_route=%2Fwp%2Fv2%2Fcomments&post=923"}],"version-history":[{"count":20,"href":"https:\/\/www.moelan-a-vent.fr\/index.php?rest_route=\/wp\/v2\/pages\/923\/revisions"}],"predecessor-version":[{"id":13621,"href":"https:\/\/www.moelan-a-vent.fr\/index.php?rest_route=\/wp\/v2\/pages\/923\/revisions\/13621"}],"wp:featuredmedia":[{"embeddable":true,"href":"https:\/\/www.moelan-a-vent.fr\/index.php?rest_route=\/wp\/v2\/media\/7996"}],"wp:attachment":[{"href":"https:\/\/www.moelan-a-vent.fr\/index.php?rest_route=%2Fwp%2Fv2%2Fmedia&parent=923"}],"curies":[{"name":"wp","href":"https:\/\/api.w.org\/{rel}","templated":true}]}}